{"id":23625,"date":"2025-02-05T14:42:57","date_gmt":"2025-02-05T13:42:57","guid":{"rendered":"https:\/\/eterle.cz\/eshop\/produkt\/konferencni-stolek-lisovsky-nabytek-cb\/"},"modified":"2025-06-07T19:53:00","modified_gmt":"2025-06-07T17:53:00","slug":"konferencni-stolek-lisovsky-nabytek-cb","status":"publish","type":"product","link":"https:\/\/eterle.cz\/eshop\/produkt\/konferencni-stolek-lisovsky-nabytek-cb\/","title":{"rendered":"Konferen\u010dn\u00ed stolek \/ Li\u0161ovsk\u00fd n\u00e1bytek \u010cB"},"content":{"rendered":"<p>Konferen\u010dn\u00ed stolek s \u010dern\u00fdm opaxitov\u00fdm sklem a poli\u010dkou vhodnou na \u010dasopisy poch\u00e1z\u00ed z po\u010d\u00e1tku druh\u00e9 poloviny minul\u00e9ho stolet\u00ed.<\/p>\n<p>Stav: dobr\u00fd p\u016fvodn\u00ed, deska z bl\u00edzka vid\u011bt lehk\u00e9 \u0161kr\u00e1bnut\u00ed<br \/>\nZna\u010dka: Li\u0161ovsk\u00fd n\u00e1bytek \u010cB<br \/>\nRozm\u011br<br \/>\nV\u00fd\u0161ka: 59 cm<br \/>\n\u0160\u00ed\u0159ka: 70 cm<br \/>\nHloubka: 55 cm<\/p>\n<p>&nbsp;<\/p>\n","protected":false},"excerpt":{"rendered":"<p>Konferen\u010dn\u00ed stolek s \u010dern\u00fdm opaxitov\u00fdm sklem a poli\u010dkou vhodnou na \u010dasopisy poch\u00e1z\u00ed z po\u010d\u00e1tku druh\u00e9 poloviny minul\u00e9ho stolet\u00ed. Stav: dobr\u00fd<\/p>\n","protected":false},"featured_media":23626,"template":"","meta":[],"product_brand":[153],"product_cat":[91],"product_tag":[],"class_list":{"0":"post-23625","1":"product","2":"type-product","3":"status-publish","4":"has-post-thumbnail","6":"product_brand-eterle-cz","7":"product_cat-prodane","8":"product_shipping_class-nadrozmerne","10":"first","11":"outofstock","12":"purchasable","13":"product-type-simple"},"_links":{"self":[{"href":"https:\/\/eterle.cz\/eshop\/wp-json\/wp\/v2\/product\/23625","targetHints":{"allow":["GET"]}}],"collection":[{"href":"https:\/\/eterle.cz\/eshop\/wp-json\/wp\/v2\/product"}],"about":[{"href":"https:\/\/eterle.cz\/eshop\/wp-json\/wp\/v2\/types\/product"}],"version-history":[{"count":1,"href":"https:\/\/eterle.cz\/eshop\/wp-json\/wp\/v2\/product\/23625\/revisions"}],"predecessor-version":[{"id":25219,"href":"https:\/\/eterle.cz\/eshop\/wp-json\/wp\/v2\/product\/23625\/revisions\/25219"}],"wp:featuredmedia":[{"embeddable":true,"href":"https:\/\/eterle.cz\/eshop\/wp-json\/wp\/v2\/media\/23626"}],"wp:attachment":[{"href":"https:\/\/eterle.cz\/eshop\/wp-json\/wp\/v2\/media?parent=23625"}],"wp:term":[{"taxonomy":"product_brand","embeddable":true,"href":"https:\/\/eterle.cz\/eshop\/wp-json\/wp\/v2\/product_brand?post=23625"},{"taxonomy":"product_cat","embeddable":true,"href":"https:\/\/eterle.cz\/eshop\/wp-json\/wp\/v2\/product_cat?post=23625"},{"taxonomy":"product_tag","embeddable":true,"href":"https:\/\/eterle.cz\/eshop\/wp-json\/wp\/v2\/product_tag?post=23625"}],"curies":[{"name":"wp","href":"https:\/\/api.w.org\/{rel}","templated":true}]}}