{"id":23632,"date":"2025-02-05T14:43:08","date_gmt":"2025-02-05T13:43:08","guid":{"rendered":"https:\/\/eterle.cz\/eshop\/produkt\/konferencni-stolek-interier-praha-2\/"},"modified":"2025-04-18T21:46:09","modified_gmt":"2025-04-18T19:46:09","slug":"konferencni-stolek-interier-praha-2","status":"publish","type":"product","link":"https:\/\/eterle.cz\/eshop\/produkt\/konferencni-stolek-interier-praha-2\/","title":{"rendered":"Konferen\u010dn\u00ed stolek \/ Interi\u00e9r Praha"},"content":{"rendered":"<p>Retro konferen\u010dn\u00ed stolek z 60. let minul\u00e9ho stolet\u00ed s oboustrannou umakartovou deskou. Volit m\u016f\u017eete mezi b\u00edlou variantou \u010di stranou imituj\u00edc\u00ed d\u0159evo.<\/p>\n<p>Stav: zachoval\u00fd s drobn\u00fdmi nedostatky, m\u00edsty lehce \u0161t\u00edpl\u00e9 d\u0159evo viz.foto<br \/>\nZna\u010dka: Interi\u00e9r Praha<br \/>\nRozm\u011br<br \/>\nV\u00fd\u0161ka: 58 cm<br \/>\n\u0160\u00ed\u0159ka: 113 cm<br \/>\nHloubka: 52,5 cm<\/p>\n<p>&nbsp;<\/p>\n","protected":false},"excerpt":{"rendered":"<p>Retro konferen\u010dn\u00ed stolek z 60. let minul\u00e9ho stolet\u00ed s oboustrannou umakartovou deskou. Volit m\u016f\u017eete mezi b\u00edlou variantou \u010di stranou imituj\u00edc\u00ed<\/p>\n","protected":false},"featured_media":23633,"template":"","meta":[],"product_brand":[153],"product_cat":[91],"product_tag":[],"class_list":{"0":"post-23632","1":"product","2":"type-product","3":"status-publish","4":"has-post-thumbnail","6":"product_brand-eterle-cz","7":"product_cat-prodane","8":"product_shipping_class-nadrozmerne","10":"first","11":"outofstock","12":"purchasable","13":"product-type-simple"},"_links":{"self":[{"href":"https:\/\/eterle.cz\/eshop\/wp-json\/wp\/v2\/product\/23632","targetHints":{"allow":["GET"]}}],"collection":[{"href":"https:\/\/eterle.cz\/eshop\/wp-json\/wp\/v2\/product"}],"about":[{"href":"https:\/\/eterle.cz\/eshop\/wp-json\/wp\/v2\/types\/product"}],"version-history":[{"count":0,"href":"https:\/\/eterle.cz\/eshop\/wp-json\/wp\/v2\/product\/23632\/revisions"}],"wp:featuredmedia":[{"embeddable":true,"href":"https:\/\/eterle.cz\/eshop\/wp-json\/wp\/v2\/media\/23633"}],"wp:attachment":[{"href":"https:\/\/eterle.cz\/eshop\/wp-json\/wp\/v2\/media?parent=23632"}],"wp:term":[{"taxonomy":"product_brand","embeddable":true,"href":"https:\/\/eterle.cz\/eshop\/wp-json\/wp\/v2\/product_brand?post=23632"},{"taxonomy":"product_cat","embeddable":true,"href":"https:\/\/eterle.cz\/eshop\/wp-json\/wp\/v2\/product_cat?post=23632"},{"taxonomy":"product_tag","embeddable":true,"href":"https:\/\/eterle.cz\/eshop\/wp-json\/wp\/v2\/product_tag?post=23632"}],"curies":[{"name":"wp","href":"https:\/\/api.w.org\/{rel}","templated":true}]}}