{"id":23643,"date":"2025-02-05T14:43:26","date_gmt":"2025-02-05T13:43:26","guid":{"rendered":"https:\/\/eterle.cz\/eshop\/produkt\/nocni-stolky-par\/"},"modified":"2025-06-12T23:15:38","modified_gmt":"2025-06-12T21:15:38","slug":"nocni-stolky-par","status":"publish","type":"product","link":"https:\/\/eterle.cz\/eshop\/produkt\/nocni-stolky-par\/","title":{"rendered":"No\u010dn\u00ed stolky (p\u00e1r)"},"content":{"rendered":"<p>Dva kr\u00e1sn\u00e9 no\u010dn\u00ed stolky s v\u00fdraznou kresbou d\u0159eva z 50. let minul\u00e9ho stolet\u00ed.<\/p>\n<p>Stav: s patinou s drobn\u00fdmi nedostatky viz.foto, na rohu jedn\u00e9 horn\u00ed desky chyb\u00ed kus d\u00fdhy<br \/>\nRozm\u011br<br \/>\nV\u00fd\u0161ka: 52 cm<br \/>\n\u0160\u00ed\u0159ka: 52,5 cm<br \/>\nHloubka: 37 cm<\/p>\n<p>&nbsp;<\/p>\n","protected":false},"excerpt":{"rendered":"<p>Dva kr\u00e1sn\u00e9 no\u010dn\u00ed stolky s v\u00fdraznou kresbou d\u0159eva z 50. let minul\u00e9ho stolet\u00ed. Stav: s patinou s drobn\u00fdmi nedostatky viz.foto,<\/p>\n","protected":false},"featured_media":23644,"template":"","meta":[],"product_brand":[153],"product_cat":[91],"product_tag":[],"class_list":{"0":"post-23643","1":"product","2":"type-product","3":"status-publish","4":"has-post-thumbnail","6":"product_brand-eterle-cz","7":"product_cat-prodane","8":"product_shipping_class-nadrozmerne","10":"first","11":"outofstock","12":"purchasable","13":"product-type-simple"},"_links":{"self":[{"href":"https:\/\/eterle.cz\/eshop\/wp-json\/wp\/v2\/product\/23643","targetHints":{"allow":["GET"]}}],"collection":[{"href":"https:\/\/eterle.cz\/eshop\/wp-json\/wp\/v2\/product"}],"about":[{"href":"https:\/\/eterle.cz\/eshop\/wp-json\/wp\/v2\/types\/product"}],"version-history":[{"count":1,"href":"https:\/\/eterle.cz\/eshop\/wp-json\/wp\/v2\/product\/23643\/revisions"}],"predecessor-version":[{"id":25218,"href":"https:\/\/eterle.cz\/eshop\/wp-json\/wp\/v2\/product\/23643\/revisions\/25218"}],"wp:featuredmedia":[{"embeddable":true,"href":"https:\/\/eterle.cz\/eshop\/wp-json\/wp\/v2\/media\/23644"}],"wp:attachment":[{"href":"https:\/\/eterle.cz\/eshop\/wp-json\/wp\/v2\/media?parent=23643"}],"wp:term":[{"taxonomy":"product_brand","embeddable":true,"href":"https:\/\/eterle.cz\/eshop\/wp-json\/wp\/v2\/product_brand?post=23643"},{"taxonomy":"product_cat","embeddable":true,"href":"https:\/\/eterle.cz\/eshop\/wp-json\/wp\/v2\/product_cat?post=23643"},{"taxonomy":"product_tag","embeddable":true,"href":"https:\/\/eterle.cz\/eshop\/wp-json\/wp\/v2\/product_tag?post=23643"}],"curies":[{"name":"wp","href":"https:\/\/api.w.org\/{rel}","templated":true}]}}