{"id":23657,"date":"2025-02-05T14:43:46","date_gmt":"2025-02-05T13:43:46","guid":{"rendered":"https:\/\/eterle.cz\/eshop\/produkt\/knihovna-jitona\/"},"modified":"2025-06-24T01:57:31","modified_gmt":"2025-06-23T23:57:31","slug":"knihovna-jitona","status":"publish","type":"product","link":"https:\/\/eterle.cz\/eshop\/produkt\/knihovna-jitona\/","title":{"rendered":"Knihovna \/ Jitona"},"content":{"rendered":"<p>Praktick\u00e1 knihovna sv\u00fdm rozm\u011brem i rozlo\u017een\u00edm na prosklenou a plnou \u010d\u00e1st poch\u00e1z\u00ed z druh\u00e9 poloviny minul\u00e9ho stolet\u00ed.<\/p>\n<p>Stav: dobr\u00fd p\u016fvodn\u00ed, jen horn\u00ed deska m\u00e1 fleky od vody<br \/>\nZna\u010dka: Jitona<br \/>\nRozm\u011br<br \/>\nV\u00fd\u0161ka: 149 cm<br \/>\n\u0160\u00ed\u0159ka: 100 cm<br \/>\nHloubka: 36 cm<\/p>\n<p>&nbsp;<\/p>\n","protected":false},"excerpt":{"rendered":"<p>Praktick\u00e1 knihovna sv\u00fdm rozm\u011brem i rozlo\u017een\u00edm na prosklenou a plnou \u010d\u00e1st poch\u00e1z\u00ed z druh\u00e9 poloviny minul\u00e9ho stolet\u00ed. Stav: dobr\u00fd p\u016fvodn\u00ed,<\/p>\n","protected":false},"featured_media":23658,"template":"","meta":[],"product_brand":[153],"product_cat":[130,125],"product_tag":[],"class_list":{"0":"post-23657","1":"product","2":"type-product","3":"status-publish","4":"has-post-thumbnail","6":"product_brand-eterle-cz","7":"product_cat-nabytek","8":"product_cat-komody-a-skrine","9":"product_shipping_class-nadrozmerne","11":"first","12":"instock","13":"purchasable","14":"product-type-simple"},"_links":{"self":[{"href":"https:\/\/eterle.cz\/eshop\/wp-json\/wp\/v2\/product\/23657","targetHints":{"allow":["GET"]}}],"collection":[{"href":"https:\/\/eterle.cz\/eshop\/wp-json\/wp\/v2\/product"}],"about":[{"href":"https:\/\/eterle.cz\/eshop\/wp-json\/wp\/v2\/types\/product"}],"version-history":[{"count":1,"href":"https:\/\/eterle.cz\/eshop\/wp-json\/wp\/v2\/product\/23657\/revisions"}],"predecessor-version":[{"id":25217,"href":"https:\/\/eterle.cz\/eshop\/wp-json\/wp\/v2\/product\/23657\/revisions\/25217"}],"wp:featuredmedia":[{"embeddable":true,"href":"https:\/\/eterle.cz\/eshop\/wp-json\/wp\/v2\/media\/23658"}],"wp:attachment":[{"href":"https:\/\/eterle.cz\/eshop\/wp-json\/wp\/v2\/media?parent=23657"}],"wp:term":[{"taxonomy":"product_brand","embeddable":true,"href":"https:\/\/eterle.cz\/eshop\/wp-json\/wp\/v2\/product_brand?post=23657"},{"taxonomy":"product_cat","embeddable":true,"href":"https:\/\/eterle.cz\/eshop\/wp-json\/wp\/v2\/product_cat?post=23657"},{"taxonomy":"product_tag","embeddable":true,"href":"https:\/\/eterle.cz\/eshop\/wp-json\/wp\/v2\/product_tag?post=23657"}],"curies":[{"name":"wp","href":"https:\/\/api.w.org\/{rel}","templated":true}]}}