{"id":23672,"date":"2025-02-05T14:44:11","date_gmt":"2025-02-05T13:44:11","guid":{"rendered":"https:\/\/eterle.cz\/eshop\/produkt\/sedacka-tatra-nabytok\/"},"modified":"2025-06-24T01:57:31","modified_gmt":"2025-06-23T23:57:31","slug":"sedacka-tatra-nabytok","status":"publish","type":"product","link":"https:\/\/eterle.cz\/eshop\/produkt\/sedacka-tatra-nabytok\/","title":{"rendered":"Seda\u010dka \/ Tatra n\u00e1bytok"},"content":{"rendered":"<p>Rozkl\u00e1dac\u00ed seda\u010dka od n\u00e1vrh\u00e1\u0159e Franti\u0161ka Jir\u00e1ka pro Tatra n\u00e1bytok Pravence z 60. let minul\u00e9ho stolet\u00ed. Franti\u0161ek Jir\u00e1k vystudoval architekturu a stola\u0159skou \u0161kolu. Mezi lety 1936-48 pracoval pod veden\u00edm Jind\u0159icha Halabaly a za svou tvorbu z\u00edskal \u0159adu ocen\u011bn\u00ed.<\/p>\n<p>Stav: zachoval\u00fd, matrace z\u0159ejm\u011b nejsou p\u016fvodn\u00ed<br \/>\nZna\u010dka: Franti\u0161ek Jir\u00e1k pro Tatra n\u00e1bytok, Pravenec<br \/>\nRozm\u011br<br \/>\nV\u00fd\u0161ka: 77 cm<br \/>\nD\u00e9lka: 199 cm<br \/>\nHloubka: 173 cm, 90 cm, 153 cm<\/p>\n<p>&nbsp;<\/p>\n","protected":false},"excerpt":{"rendered":"<p>Rozkl\u00e1dac\u00ed seda\u010dka od n\u00e1vrh\u00e1\u0159e Franti\u0161ka Jir\u00e1ka pro Tatra n\u00e1bytok Pravence z 60. let minul\u00e9ho stolet\u00ed. Franti\u0161ek Jir\u00e1k vystudoval architekturu a<\/p>\n","protected":false},"featured_media":23673,"template":"","meta":[],"product_brand":[153],"product_cat":[130,123],"product_tag":[],"class_list":{"0":"post-23672","1":"product","2":"type-product","3":"status-publish","4":"has-post-thumbnail","6":"product_brand-eterle-cz","7":"product_cat-nabytek","8":"product_cat-sofa","9":"product_shipping_class-nadrozmerne","11":"first","12":"instock","13":"purchasable","14":"product-type-simple"},"_links":{"self":[{"href":"https:\/\/eterle.cz\/eshop\/wp-json\/wp\/v2\/product\/23672","targetHints":{"allow":["GET"]}}],"collection":[{"href":"https:\/\/eterle.cz\/eshop\/wp-json\/wp\/v2\/product"}],"about":[{"href":"https:\/\/eterle.cz\/eshop\/wp-json\/wp\/v2\/types\/product"}],"version-history":[{"count":1,"href":"https:\/\/eterle.cz\/eshop\/wp-json\/wp\/v2\/product\/23672\/revisions"}],"predecessor-version":[{"id":25256,"href":"https:\/\/eterle.cz\/eshop\/wp-json\/wp\/v2\/product\/23672\/revisions\/25256"}],"wp:featuredmedia":[{"embeddable":true,"href":"https:\/\/eterle.cz\/eshop\/wp-json\/wp\/v2\/media\/23673"}],"wp:attachment":[{"href":"https:\/\/eterle.cz\/eshop\/wp-json\/wp\/v2\/media?parent=23672"}],"wp:term":[{"taxonomy":"product_brand","embeddable":true,"href":"https:\/\/eterle.cz\/eshop\/wp-json\/wp\/v2\/product_brand?post=23672"},{"taxonomy":"product_cat","embeddable":true,"href":"https:\/\/eterle.cz\/eshop\/wp-json\/wp\/v2\/product_cat?post=23672"},{"taxonomy":"product_tag","embeddable":true,"href":"https:\/\/eterle.cz\/eshop\/wp-json\/wp\/v2\/product_tag?post=23672"}],"curies":[{"name":"wp","href":"https:\/\/api.w.org\/{rel}","templated":true}]}}