{"id":23689,"date":"2025-02-05T14:44:36","date_gmt":"2025-02-05T13:44:36","guid":{"rendered":"https:\/\/eterle.cz\/eshop\/produkt\/kozena-sedacka-2\/"},"modified":"2026-03-07T20:37:35","modified_gmt":"2026-03-07T19:37:35","slug":"kozena-sedacka-2","status":"publish","type":"product","link":"https:\/\/eterle.cz\/eshop\/produkt\/kozena-sedacka-2\/","title":{"rendered":"Ko\u017een\u00e1 seda\u010dka"},"content":{"rendered":"<p>Ko\u017een\u00e1 seda\u010dka ve v\u00fdrazn\u00e9 oran\u017eov\u00e9 barv\u011b typick\u00e9 pro 60. l\u00e9ta a obdob\u00ed pop artu. Nyn\u00ed se hod\u00ed pro odv\u00e1\u017en\u00e9, kte\u0159\u00ed se neboj\u00ed v interi\u00e9ru v\u00fdrazn\u00fdch barev.<\/p>\n<p>Stav: p\u016fvodn\u00ed, k\u016f\u017ee by m\u00edsty za\u0161l\u00e1 (p\u0159edev\u0161\u00edm ze zand\u00ed strany); m\u00e1l\u00e1 dirka ve \u0161vu u op\u011bradla<br \/>\nRozm\u011br<br \/>\nV\u00fd\u0161ka: 80 cm<br \/>\nD\u00e9lka: 198 cm<br \/>\nHloubka: 90 cm<\/p>\n<p>&nbsp;<\/p>\n","protected":false},"excerpt":{"rendered":"<p>Ko\u017een\u00e1 seda\u010dka ve v\u00fdrazn\u00e9 oran\u017eov\u00e9 barv\u011b typick\u00e9 pro 60. l\u00e9ta a obdob\u00ed pop artu. Nyn\u00ed se hod\u00ed pro odv\u00e1\u017en\u00e9, kte\u0159\u00ed<\/p>\n","protected":false},"featured_media":23690,"template":"","meta":[],"product_brand":[153],"product_cat":[130,123],"product_tag":[],"class_list":{"0":"post-23689","1":"product","2":"type-product","3":"status-publish","4":"has-post-thumbnail","6":"product_brand-eterle-cz","7":"product_cat-nabytek","8":"product_cat-sofa","9":"product_shipping_class-nadrozmerne","11":"first","12":"instock","13":"purchasable","14":"product-type-simple"},"_links":{"self":[{"href":"https:\/\/eterle.cz\/eshop\/wp-json\/wp\/v2\/product\/23689","targetHints":{"allow":["GET"]}}],"collection":[{"href":"https:\/\/eterle.cz\/eshop\/wp-json\/wp\/v2\/product"}],"about":[{"href":"https:\/\/eterle.cz\/eshop\/wp-json\/wp\/v2\/types\/product"}],"version-history":[{"count":3,"href":"https:\/\/eterle.cz\/eshop\/wp-json\/wp\/v2\/product\/23689\/revisions"}],"predecessor-version":[{"id":34859,"href":"https:\/\/eterle.cz\/eshop\/wp-json\/wp\/v2\/product\/23689\/revisions\/34859"}],"wp:featuredmedia":[{"embeddable":true,"href":"https:\/\/eterle.cz\/eshop\/wp-json\/wp\/v2\/media\/23690"}],"wp:attachment":[{"href":"https:\/\/eterle.cz\/eshop\/wp-json\/wp\/v2\/media?parent=23689"}],"wp:term":[{"taxonomy":"product_brand","embeddable":true,"href":"https:\/\/eterle.cz\/eshop\/wp-json\/wp\/v2\/product_brand?post=23689"},{"taxonomy":"product_cat","embeddable":true,"href":"https:\/\/eterle.cz\/eshop\/wp-json\/wp\/v2\/product_cat?post=23689"},{"taxonomy":"product_tag","embeddable":true,"href":"https:\/\/eterle.cz\/eshop\/wp-json\/wp\/v2\/product_tag?post=23689"}],"curies":[{"name":"wp","href":"https:\/\/api.w.org\/{rel}","templated":true}]}}