{"id":23728,"date":"2025-02-05T14:45:40","date_gmt":"2025-02-05T13:45:40","guid":{"rendered":"https:\/\/eterle.cz\/eshop\/produkt\/lustr-cerveny-2\/"},"modified":"2025-06-24T01:57:30","modified_gmt":"2025-06-23T23:57:30","slug":"lustr-cerveny-2","status":"publish","type":"product","link":"https:\/\/eterle.cz\/eshop\/produkt\/lustr-cerveny-2\/","title":{"rendered":"Lustr \u010derven\u00fd"},"content":{"rendered":"<p>Kr\u00e1sn\u00fd sklen\u011bn\u00fd lustr v mimo\u0159\u00e1dn\u00e9 \u010derven\u00e9 barv\u011b, kter\u00fd zaujme na prvn\u00ed pohled. Zaj\u00edmav\u00fd je nejen barvou, ale i profilov\u00e1n\u00edm.<\/p>\n<p>Stav: dobr\u00fd, elektroinstalace nov\u00e1<br \/>\nRozm\u011br<br \/>\nV\u00fd\u0161ka: 75 cm<br \/>\nD\u00e9\u013aka ty\u010de: 48 cm<br \/>\nPr\u016fm\u011br: 33 cm<\/p>\n<p>&nbsp;<\/p>\n","protected":false},"excerpt":{"rendered":"<p>Kr\u00e1sn\u00fd sklen\u011bn\u00fd lustr v mimo\u0159\u00e1dn\u00e9 \u010derven\u00e9 barv\u011b, kter\u00fd zaujme na prvn\u00ed pohled. Zaj\u00edmav\u00fd je nejen barvou, ale i profilov\u00e1n\u00edm. Stav:<\/p>\n","protected":false},"featured_media":23729,"template":"","meta":[],"product_brand":[153],"product_cat":[79,140],"product_tag":[],"class_list":{"0":"post-23728","1":"product","2":"type-product","3":"status-publish","4":"has-post-thumbnail","6":"product_brand-eterle-cz","7":"product_cat-svetla","8":"product_cat-lustry","9":"product_shipping_class-nadrozmerne","11":"first","12":"instock","13":"purchasable","14":"product-type-simple"},"_links":{"self":[{"href":"https:\/\/eterle.cz\/eshop\/wp-json\/wp\/v2\/product\/23728","targetHints":{"allow":["GET"]}}],"collection":[{"href":"https:\/\/eterle.cz\/eshop\/wp-json\/wp\/v2\/product"}],"about":[{"href":"https:\/\/eterle.cz\/eshop\/wp-json\/wp\/v2\/types\/product"}],"version-history":[{"count":1,"href":"https:\/\/eterle.cz\/eshop\/wp-json\/wp\/v2\/product\/23728\/revisions"}],"predecessor-version":[{"id":25252,"href":"https:\/\/eterle.cz\/eshop\/wp-json\/wp\/v2\/product\/23728\/revisions\/25252"}],"wp:featuredmedia":[{"embeddable":true,"href":"https:\/\/eterle.cz\/eshop\/wp-json\/wp\/v2\/media\/23729"}],"wp:attachment":[{"href":"https:\/\/eterle.cz\/eshop\/wp-json\/wp\/v2\/media?parent=23728"}],"wp:term":[{"taxonomy":"product_brand","embeddable":true,"href":"https:\/\/eterle.cz\/eshop\/wp-json\/wp\/v2\/product_brand?post=23728"},{"taxonomy":"product_cat","embeddable":true,"href":"https:\/\/eterle.cz\/eshop\/wp-json\/wp\/v2\/product_cat?post=23728"},{"taxonomy":"product_tag","embeddable":true,"href":"https:\/\/eterle.cz\/eshop\/wp-json\/wp\/v2\/product_tag?post=23728"}],"curies":[{"name":"wp","href":"https:\/\/api.w.org\/{rel}","templated":true}]}}