{"id":23736,"date":"2025-02-05T14:45:54","date_gmt":"2025-02-05T13:45:54","guid":{"rendered":"https:\/\/eterle.cz\/eshop\/produkt\/lustr-zukov\/"},"modified":"2025-06-24T01:57:30","modified_gmt":"2025-06-23T23:57:30","slug":"lustr-zukov","status":"publish","type":"product","link":"https:\/\/eterle.cz\/eshop\/produkt\/lustr-zukov\/","title":{"rendered":"Lustr \/ Zukov"},"content":{"rendered":"<p>M\u00e1lo v\u00eddan\u00fd chromov\u00fd lustr ze 40. let minul\u00e9ho stolet\u00ed od zna\u010dky Zukov.<\/p>\n<p>Stav: dobr\u00fd p\u016fvodn\u00ed, elektroinstalace p\u016fvodn\u00ed a funk\u010dn\u00ed<br \/>\nZna\u010dka: Zukov<br \/>\nRozm\u011br<br \/>\nV\u00fd\u0161ka: 63 cm<br \/>\nD\u00e9\u013aka ty\u010de: 53 cm<br \/>\nPr\u016fm\u011br: 57 cm<\/p>\n<p>&nbsp;<\/p>\n","protected":false},"excerpt":{"rendered":"<p>M\u00e1lo v\u00eddan\u00fd chromov\u00fd lustr ze 40. let minul\u00e9ho stolet\u00ed od zna\u010dky Zukov. Stav: dobr\u00fd p\u016fvodn\u00ed, elektroinstalace p\u016fvodn\u00ed a funk\u010dn\u00ed Zna\u010dka:<\/p>\n","protected":false},"featured_media":23737,"template":"","meta":[],"product_brand":[153],"product_cat":[79,140],"product_tag":[],"class_list":{"0":"post-23736","1":"product","2":"type-product","3":"status-publish","4":"has-post-thumbnail","6":"product_brand-eterle-cz","7":"product_cat-svetla","8":"product_cat-lustry","9":"product_shipping_class-nadrozmerne","11":"first","12":"instock","13":"purchasable","14":"product-type-simple"},"_links":{"self":[{"href":"https:\/\/eterle.cz\/eshop\/wp-json\/wp\/v2\/product\/23736","targetHints":{"allow":["GET"]}}],"collection":[{"href":"https:\/\/eterle.cz\/eshop\/wp-json\/wp\/v2\/product"}],"about":[{"href":"https:\/\/eterle.cz\/eshop\/wp-json\/wp\/v2\/types\/product"}],"version-history":[{"count":1,"href":"https:\/\/eterle.cz\/eshop\/wp-json\/wp\/v2\/product\/23736\/revisions"}],"predecessor-version":[{"id":25251,"href":"https:\/\/eterle.cz\/eshop\/wp-json\/wp\/v2\/product\/23736\/revisions\/25251"}],"wp:featuredmedia":[{"embeddable":true,"href":"https:\/\/eterle.cz\/eshop\/wp-json\/wp\/v2\/media\/23737"}],"wp:attachment":[{"href":"https:\/\/eterle.cz\/eshop\/wp-json\/wp\/v2\/media?parent=23736"}],"wp:term":[{"taxonomy":"product_brand","embeddable":true,"href":"https:\/\/eterle.cz\/eshop\/wp-json\/wp\/v2\/product_brand?post=23736"},{"taxonomy":"product_cat","embeddable":true,"href":"https:\/\/eterle.cz\/eshop\/wp-json\/wp\/v2\/product_cat?post=23736"},{"taxonomy":"product_tag","embeddable":true,"href":"https:\/\/eterle.cz\/eshop\/wp-json\/wp\/v2\/product_tag?post=23736"}],"curies":[{"name":"wp","href":"https:\/\/api.w.org\/{rel}","templated":true}]}}