{"id":23751,"date":"2025-02-05T14:46:20","date_gmt":"2025-02-05T13:46:20","guid":{"rendered":"https:\/\/eterle.cz\/eshop\/produkt\/lustr-talir-napako-5\/"},"modified":"2025-03-30T22:36:40","modified_gmt":"2025-03-30T20:36:40","slug":"lustr-talir-napako-5","status":"publish","type":"product","link":"https:\/\/eterle.cz\/eshop\/produkt\/lustr-talir-napako-5\/","title":{"rendered":"Lustr tal\u00ed\u0159 \/ Napako"},"content":{"rendered":"<p>Retro lustr &#8222;tal\u00ed\u0159&#8220; v bruselsk\u00e9m stylu z 60 let minul\u00e9ho stolet\u00ed. Sklen\u011bn\u00e9 st\u00ednidlo s \u010dern\u00fdm abstraktn\u00edm vzorem v kombinaci s kovovou ty\u010d\u00ed.<\/p>\n<p>Stav: dobr\u00fd, elektroinstalace p\u016fvodn\u00ed a funk\u010dn\u00ed<br \/>\nZna\u010dka: Napako<br \/>\nRozm\u011br<br \/>\nV\u00fd\u0161ka: 43 cm<br \/>\nD\u00e9\u013aka ty\u010de: 36 cm<br \/>\nPr\u016fm\u011br: 55 cm<\/p>\n<p>&nbsp;<\/p>\n","protected":false},"excerpt":{"rendered":"<p>Retro lustr &#8222;tal\u00ed\u0159&#8220; v bruselsk\u00e9m stylu z 60 let minul\u00e9ho stolet\u00ed. Sklen\u011bn\u00e9 st\u00ednidlo s \u010dern\u00fdm abstraktn\u00edm vzorem v kombinaci s<\/p>\n","protected":false},"featured_media":23752,"template":"","meta":[],"product_brand":[153],"product_cat":[91],"product_tag":[],"class_list":{"0":"post-23751","1":"product","2":"type-product","3":"status-publish","4":"has-post-thumbnail","6":"product_brand-eterle-cz","7":"product_cat-prodane","8":"product_shipping_class-nadrozmerne","10":"first","11":"outofstock","12":"purchasable","13":"product-type-simple"},"_links":{"self":[{"href":"https:\/\/eterle.cz\/eshop\/wp-json\/wp\/v2\/product\/23751","targetHints":{"allow":["GET"]}}],"collection":[{"href":"https:\/\/eterle.cz\/eshop\/wp-json\/wp\/v2\/product"}],"about":[{"href":"https:\/\/eterle.cz\/eshop\/wp-json\/wp\/v2\/types\/product"}],"version-history":[{"count":0,"href":"https:\/\/eterle.cz\/eshop\/wp-json\/wp\/v2\/product\/23751\/revisions"}],"wp:featuredmedia":[{"embeddable":true,"href":"https:\/\/eterle.cz\/eshop\/wp-json\/wp\/v2\/media\/23752"}],"wp:attachment":[{"href":"https:\/\/eterle.cz\/eshop\/wp-json\/wp\/v2\/media?parent=23751"}],"wp:term":[{"taxonomy":"product_brand","embeddable":true,"href":"https:\/\/eterle.cz\/eshop\/wp-json\/wp\/v2\/product_brand?post=23751"},{"taxonomy":"product_cat","embeddable":true,"href":"https:\/\/eterle.cz\/eshop\/wp-json\/wp\/v2\/product_cat?post=23751"},{"taxonomy":"product_tag","embeddable":true,"href":"https:\/\/eterle.cz\/eshop\/wp-json\/wp\/v2\/product_tag?post=23751"}],"curies":[{"name":"wp","href":"https:\/\/api.w.org\/{rel}","templated":true}]}}