{"id":23769,"date":"2025-02-05T14:46:53","date_gmt":"2025-02-05T13:46:53","guid":{"rendered":"https:\/\/eterle.cz\/eshop\/produkt\/lustr-kamenicky-senov\/"},"modified":"2026-04-12T16:55:28","modified_gmt":"2026-04-12T14:55:28","slug":"lustr-kamenicky-senov","status":"publish","type":"product","link":"https:\/\/eterle.cz\/eshop\/produkt\/lustr-kamenicky-senov\/","title":{"rendered":"Lustr \/  Kamenick\u00fd \u0160enov"},"content":{"rendered":"<p>M\u00e1lo v\u00eddan\u00fd lustr z mosazi s osmi op\u00e1lov\u00fdmi st\u00ednidly ve tvaru koul\u00ed z 50. let minul\u00e9ho stolet\u00ed poch\u00e1z\u00ed z ikonick\u00e9 skl\u00e1rny Kamenick\u00fd \u0160enov.<\/p>\n<p>Stav: dobr\u00fd, elektroinstalace p\u016fvodn\u00ed a funk\u010dn\u00ed<br \/>\nZna\u010dka: Kamenick\u00fd \u0160enov<br \/>\nRozm\u011br<br \/>\nV\u00fd\u0161ka: 100 cm<br \/>\nD\u00e9\u013aka ty\u010de: 62 cm<br \/>\nPr\u016fm\u011br: 49 cm<\/p>\n<p>&nbsp;<\/p>\n","protected":false},"excerpt":{"rendered":"<p>M\u00e1lo v\u00eddan\u00fd lustr z mosazi s osmi op\u00e1lov\u00fdmi st\u00ednidly ve tvaru koul\u00ed z 50. let minul\u00e9ho stolet\u00ed poch\u00e1z\u00ed z ikonick\u00e9<\/p>\n","protected":false},"featured_media":23770,"template":"","meta":[],"product_brand":[153],"product_cat":[79,140],"product_tag":[],"class_list":{"0":"post-23769","1":"product","2":"type-product","3":"status-publish","4":"has-post-thumbnail","6":"product_brand-eterle-cz","7":"product_cat-svetla","8":"product_cat-lustry","9":"product_shipping_class-nadrozmerne","11":"first","12":"outofstock","13":"purchasable","14":"product-type-simple"},"_links":{"self":[{"href":"https:\/\/eterle.cz\/eshop\/wp-json\/wp\/v2\/product\/23769","targetHints":{"allow":["GET"]}}],"collection":[{"href":"https:\/\/eterle.cz\/eshop\/wp-json\/wp\/v2\/product"}],"about":[{"href":"https:\/\/eterle.cz\/eshop\/wp-json\/wp\/v2\/types\/product"}],"version-history":[{"count":1,"href":"https:\/\/eterle.cz\/eshop\/wp-json\/wp\/v2\/product\/23769\/revisions"}],"predecessor-version":[{"id":25249,"href":"https:\/\/eterle.cz\/eshop\/wp-json\/wp\/v2\/product\/23769\/revisions\/25249"}],"wp:featuredmedia":[{"embeddable":true,"href":"https:\/\/eterle.cz\/eshop\/wp-json\/wp\/v2\/media\/23770"}],"wp:attachment":[{"href":"https:\/\/eterle.cz\/eshop\/wp-json\/wp\/v2\/media?parent=23769"}],"wp:term":[{"taxonomy":"product_brand","embeddable":true,"href":"https:\/\/eterle.cz\/eshop\/wp-json\/wp\/v2\/product_brand?post=23769"},{"taxonomy":"product_cat","embeddable":true,"href":"https:\/\/eterle.cz\/eshop\/wp-json\/wp\/v2\/product_cat?post=23769"},{"taxonomy":"product_tag","embeddable":true,"href":"https:\/\/eterle.cz\/eshop\/wp-json\/wp\/v2\/product_tag?post=23769"}],"curies":[{"name":"wp","href":"https:\/\/api.w.org\/{rel}","templated":true}]}}