{"id":23777,"date":"2025-02-05T14:47:06","date_gmt":"2025-02-05T13:47:06","guid":{"rendered":"https:\/\/eterle.cz\/eshop\/produkt\/lustr-z-provazku\/"},"modified":"2025-03-06T21:31:10","modified_gmt":"2025-03-06T20:31:10","slug":"lustr-z-provazku","status":"publish","type":"product","link":"https:\/\/eterle.cz\/eshop\/produkt\/lustr-z-provazku\/","title":{"rendered":"Lustr z prov\u00e1zk\u016f"},"content":{"rendered":"<p>Lustr v netypick\u00e9m tvaru tvo\u0159en\u00fd z textiln\u00edch vl\u00e1ken p\u016fsob\u00ed japonsk\u00fdm dojmem. Lustr v\u00e1m doma navod\u00ed atmosf\u00e9ru d\u00e1lek a jeho st\u00edny budou p\u016fsobit relaxa\u010dn\u00edm dojmem.<\/p>\n<p>Stav: dobr\u00fd, elektroinstalace nov\u00e1<br \/>\nRozm\u011br<br \/>\nV\u00fd\u0161ka st\u00ednidla: 30 cm<br \/>\nD\u00e9\u013aka kabelu: max 140 cm<br \/>\nPr\u016fm\u011br: 50 cm<\/p>\n<p>Kombinace d\u0159eva a silonov\u00fdch prov\u00e1zk\u016f<\/p>\n<p>&nbsp;<\/p>\n","protected":false},"excerpt":{"rendered":"<p>Lustr v netypick\u00e9m tvaru tvo\u0159en\u00fd z textiln\u00edch vl\u00e1ken p\u016fsob\u00ed japonsk\u00fdm dojmem. Lustr v\u00e1m doma navod\u00ed atmosf\u00e9ru d\u00e1lek a jeho st\u00edny<\/p>\n","protected":false},"featured_media":23778,"template":"","meta":[],"product_brand":[153],"product_cat":[91],"product_tag":[],"class_list":{"0":"post-23777","1":"product","2":"type-product","3":"status-publish","4":"has-post-thumbnail","6":"product_brand-eterle-cz","7":"product_cat-prodane","8":"product_shipping_class-nadrozmerne","10":"first","11":"outofstock","12":"purchasable","13":"product-type-simple"},"_links":{"self":[{"href":"https:\/\/eterle.cz\/eshop\/wp-json\/wp\/v2\/product\/23777","targetHints":{"allow":["GET"]}}],"collection":[{"href":"https:\/\/eterle.cz\/eshop\/wp-json\/wp\/v2\/product"}],"about":[{"href":"https:\/\/eterle.cz\/eshop\/wp-json\/wp\/v2\/types\/product"}],"version-history":[{"count":0,"href":"https:\/\/eterle.cz\/eshop\/wp-json\/wp\/v2\/product\/23777\/revisions"}],"wp:featuredmedia":[{"embeddable":true,"href":"https:\/\/eterle.cz\/eshop\/wp-json\/wp\/v2\/media\/23778"}],"wp:attachment":[{"href":"https:\/\/eterle.cz\/eshop\/wp-json\/wp\/v2\/media?parent=23777"}],"wp:term":[{"taxonomy":"product_brand","embeddable":true,"href":"https:\/\/eterle.cz\/eshop\/wp-json\/wp\/v2\/product_brand?post=23777"},{"taxonomy":"product_cat","embeddable":true,"href":"https:\/\/eterle.cz\/eshop\/wp-json\/wp\/v2\/product_cat?post=23777"},{"taxonomy":"product_tag","embeddable":true,"href":"https:\/\/eterle.cz\/eshop\/wp-json\/wp\/v2\/product_tag?post=23777"}],"curies":[{"name":"wp","href":"https:\/\/api.w.org\/{rel}","templated":true}]}}