{"id":23784,"date":"2025-02-05T14:47:18","date_gmt":"2025-02-05T13:47:18","guid":{"rendered":"https:\/\/eterle.cz\/eshop\/produkt\/lutr-ufo-napako\/"},"modified":"2025-03-06T21:32:44","modified_gmt":"2025-03-06T20:32:44","slug":"lutr-ufo-napako","status":"publish","type":"product","link":"https:\/\/eterle.cz\/eshop\/produkt\/lutr-ufo-napako\/","title":{"rendered":"Lutr ufo \/ Napako"},"content":{"rendered":"<p>Ikonick\u00fd lustr &#8222;ufo&#8220; od v\u00fdrobce Napako poch\u00e1z\u00ed z obdob\u00ed funkcionalismu, 30. l\u00e9ta minul\u00e9ho stolet\u00ed. Byl zhotoven dle n\u00e1vrhu Josefa H\u016frky, kter\u00fd navrhl za svou kari\u00e9ru n\u011bkolik ikonick\u00fdch sv\u00edtidel.<\/p>\n<p>Stav: chrom ve velmi dobr\u00e9m stavu, elektroinstalace nov\u00e1<br \/>\nZna\u010dka: Napako, Josef H\u016frka<br \/>\nRozm\u011br<br \/>\nV\u00fd\u0161ka: 45 cm<br \/>\nD\u00e9\u013aka ty\u010de: 37 cm<br \/>\nPr\u016fm\u011br: 53 cm<\/p>\n<p>Na 4 \u017e\u00e1rovky<\/p>\n<p>&nbsp;<\/p>\n","protected":false},"excerpt":{"rendered":"<p>Ikonick\u00fd lustr &#8222;ufo&#8220; od v\u00fdrobce Napako poch\u00e1z\u00ed z obdob\u00ed funkcionalismu, 30. l\u00e9ta minul\u00e9ho stolet\u00ed. Byl zhotoven dle n\u00e1vrhu Josefa H\u016frky,<\/p>\n","protected":false},"featured_media":23785,"template":"","meta":[],"product_brand":[153],"product_cat":[91],"product_tag":[],"class_list":{"0":"post-23784","1":"product","2":"type-product","3":"status-publish","4":"has-post-thumbnail","6":"product_brand-eterle-cz","7":"product_cat-prodane","8":"product_shipping_class-nadrozmerne","10":"first","11":"outofstock","12":"purchasable","13":"product-type-simple"},"_links":{"self":[{"href":"https:\/\/eterle.cz\/eshop\/wp-json\/wp\/v2\/product\/23784","targetHints":{"allow":["GET"]}}],"collection":[{"href":"https:\/\/eterle.cz\/eshop\/wp-json\/wp\/v2\/product"}],"about":[{"href":"https:\/\/eterle.cz\/eshop\/wp-json\/wp\/v2\/types\/product"}],"version-history":[{"count":0,"href":"https:\/\/eterle.cz\/eshop\/wp-json\/wp\/v2\/product\/23784\/revisions"}],"wp:featuredmedia":[{"embeddable":true,"href":"https:\/\/eterle.cz\/eshop\/wp-json\/wp\/v2\/media\/23785"}],"wp:attachment":[{"href":"https:\/\/eterle.cz\/eshop\/wp-json\/wp\/v2\/media?parent=23784"}],"wp:term":[{"taxonomy":"product_brand","embeddable":true,"href":"https:\/\/eterle.cz\/eshop\/wp-json\/wp\/v2\/product_brand?post=23784"},{"taxonomy":"product_cat","embeddable":true,"href":"https:\/\/eterle.cz\/eshop\/wp-json\/wp\/v2\/product_cat?post=23784"},{"taxonomy":"product_tag","embeddable":true,"href":"https:\/\/eterle.cz\/eshop\/wp-json\/wp\/v2\/product_tag?post=23784"}],"curies":[{"name":"wp","href":"https:\/\/api.w.org\/{rel}","templated":true}]}}