{"id":23800,"date":"2025-02-05T14:47:44","date_gmt":"2025-02-05T13:47:44","guid":{"rendered":"https:\/\/eterle.cz\/eshop\/produkt\/funkcionalisticky-lustr-sandrik\/"},"modified":"2025-07-30T23:14:01","modified_gmt":"2025-07-30T21:14:01","slug":"funkcionalisticky-lustr-sandrik","status":"publish","type":"product","link":"https:\/\/eterle.cz\/eshop\/produkt\/funkcionalisticky-lustr-sandrik\/","title":{"rendered":"Funkcionalistick\u00fd lustr \/ Sandrik"},"content":{"rendered":"<p>Funkcionalistick\u00fd chromovan\u00fd lustr v kombinaci s miskov\u00fdmi st\u00ednidly ve vaniklov\u00e9 barv\u011b. Chrom dod\u00e1va lustr modern\u00ed vzhled, vanilkov\u00e1 barva st\u00ednidel zase eleganci. Kr\u00e1sn\u00fd staro\u017eitn\u00fd kousek, kter\u00fd zaujme i nerozsv\u00edcen\u00fd. Vyroben firmou Sandrik zalo\u017eenou v roce 1895 na Slovensku v Doln\u00edch Hamrech<\/p>\n<p>Stav: nov\u00e1 elektroinstalace, dobr\u00fd jen m\u00edsty nepatrn\u00e1 koroze<br \/>\nZna\u010dka: Sandrik<br \/>\nRozm\u011br<br \/>\nV\u00fd\u0161ka: 38 cm<br \/>\nD\u00e9\u013aka ty\u010de: 38 cm<br \/>\nPr\u016fm\u011br: 60 cm<\/p>\n<p>&nbsp;<\/p>\n","protected":false},"excerpt":{"rendered":"<p>Funkcionalistick\u00fd chromovan\u00fd lustr v kombinaci s miskov\u00fdmi st\u00ednidly ve vaniklov\u00e9 barv\u011b. Chrom dod\u00e1va lustr modern\u00ed vzhled, vanilkov\u00e1 barva st\u00ednidel zase<\/p>\n","protected":false},"featured_media":23801,"template":"","meta":[],"product_brand":[153],"product_cat":[91],"product_tag":[],"class_list":{"0":"post-23800","1":"product","2":"type-product","3":"status-publish","4":"has-post-thumbnail","6":"product_brand-eterle-cz","7":"product_cat-prodane","8":"product_shipping_class-nadrozmerne","10":"first","11":"outofstock","12":"purchasable","13":"product-type-simple"},"_links":{"self":[{"href":"https:\/\/eterle.cz\/eshop\/wp-json\/wp\/v2\/product\/23800","targetHints":{"allow":["GET"]}}],"collection":[{"href":"https:\/\/eterle.cz\/eshop\/wp-json\/wp\/v2\/product"}],"about":[{"href":"https:\/\/eterle.cz\/eshop\/wp-json\/wp\/v2\/types\/product"}],"version-history":[{"count":1,"href":"https:\/\/eterle.cz\/eshop\/wp-json\/wp\/v2\/product\/23800\/revisions"}],"predecessor-version":[{"id":25247,"href":"https:\/\/eterle.cz\/eshop\/wp-json\/wp\/v2\/product\/23800\/revisions\/25247"}],"wp:featuredmedia":[{"embeddable":true,"href":"https:\/\/eterle.cz\/eshop\/wp-json\/wp\/v2\/media\/23801"}],"wp:attachment":[{"href":"https:\/\/eterle.cz\/eshop\/wp-json\/wp\/v2\/media?parent=23800"}],"wp:term":[{"taxonomy":"product_brand","embeddable":true,"href":"https:\/\/eterle.cz\/eshop\/wp-json\/wp\/v2\/product_brand?post=23800"},{"taxonomy":"product_cat","embeddable":true,"href":"https:\/\/eterle.cz\/eshop\/wp-json\/wp\/v2\/product_cat?post=23800"},{"taxonomy":"product_tag","embeddable":true,"href":"https:\/\/eterle.cz\/eshop\/wp-json\/wp\/v2\/product_tag?post=23800"}],"curies":[{"name":"wp","href":"https:\/\/api.w.org\/{rel}","templated":true}]}}