{"id":23817,"date":"2025-02-05T14:48:16","date_gmt":"2025-02-05T13:48:16","guid":{"rendered":"https:\/\/eterle.cz\/eshop\/produkt\/lustr-art-deco-sandrik\/"},"modified":"2025-06-07T19:53:57","modified_gmt":"2025-06-07T17:53:57","slug":"lustr-art-deco-sandrik","status":"publish","type":"product","link":"https:\/\/eterle.cz\/eshop\/produkt\/lustr-art-deco-sandrik\/","title":{"rendered":"Lustr art deco \/ Sandrik"},"content":{"rendered":"<p>Funkcionalistick\u00fd chromovan\u00fd lustr v kombinaci s miskov\u00fdmi st\u00ednidly. spodn\u00ed st\u00ednidlo m\u00e1 vanilkovou barvu, t\u0159i vrchn\u00ed st\u00ednidla maj\u00ed perle\u0165ov\u00fd n\u00e1dech. Chrom dod\u00e1va lustr modern\u00ed vzhled, barva st\u00ednidel zase eleganci. Kr\u00e1sn\u00fd staro\u017eitn\u00fd kousek, kter\u00fd zaujme i nerozsv\u00edcen\u00fd. Vyroben firmou Sandrik zalo\u017eenou v roce 1895 na Slovensku v Doln\u00edch Hamrech<\/p>\n<p>Stav: dobr\u00fd, elektroinstalace nov\u00e1<br \/>\nZna\u010dka: Sandrik<br \/>\nRozm\u011br<br \/>\nV\u00fd\u0161ka: 68 cm<br \/>\nD\u00e9\u013aka ty\u010de: 47 cm<br \/>\nPr\u016fm\u011br: 56 cm<\/p>\n<p>&nbsp;<\/p>\n","protected":false},"excerpt":{"rendered":"<p>Funkcionalistick\u00fd chromovan\u00fd lustr v kombinaci s miskov\u00fdmi st\u00ednidly. spodn\u00ed st\u00ednidlo m\u00e1 vanilkovou barvu, t\u0159i vrchn\u00ed st\u00ednidla maj\u00ed perle\u0165ov\u00fd n\u00e1dech. Chrom<\/p>\n","protected":false},"featured_media":23818,"template":"","meta":[],"product_brand":[153],"product_cat":[91],"product_tag":[],"class_list":{"0":"post-23817","1":"product","2":"type-product","3":"status-publish","4":"has-post-thumbnail","6":"product_brand-eterle-cz","7":"product_cat-prodane","8":"product_shipping_class-nadrozmerne","10":"first","11":"outofstock","12":"purchasable","13":"product-type-simple"},"_links":{"self":[{"href":"https:\/\/eterle.cz\/eshop\/wp-json\/wp\/v2\/product\/23817","targetHints":{"allow":["GET"]}}],"collection":[{"href":"https:\/\/eterle.cz\/eshop\/wp-json\/wp\/v2\/product"}],"about":[{"href":"https:\/\/eterle.cz\/eshop\/wp-json\/wp\/v2\/types\/product"}],"version-history":[{"count":1,"href":"https:\/\/eterle.cz\/eshop\/wp-json\/wp\/v2\/product\/23817\/revisions"}],"predecessor-version":[{"id":25245,"href":"https:\/\/eterle.cz\/eshop\/wp-json\/wp\/v2\/product\/23817\/revisions\/25245"}],"wp:featuredmedia":[{"embeddable":true,"href":"https:\/\/eterle.cz\/eshop\/wp-json\/wp\/v2\/media\/23818"}],"wp:attachment":[{"href":"https:\/\/eterle.cz\/eshop\/wp-json\/wp\/v2\/media?parent=23817"}],"wp:term":[{"taxonomy":"product_brand","embeddable":true,"href":"https:\/\/eterle.cz\/eshop\/wp-json\/wp\/v2\/product_brand?post=23817"},{"taxonomy":"product_cat","embeddable":true,"href":"https:\/\/eterle.cz\/eshop\/wp-json\/wp\/v2\/product_cat?post=23817"},{"taxonomy":"product_tag","embeddable":true,"href":"https:\/\/eterle.cz\/eshop\/wp-json\/wp\/v2\/product_tag?post=23817"}],"curies":[{"name":"wp","href":"https:\/\/api.w.org\/{rel}","templated":true}]}}