{"id":23824,"date":"2025-02-05T14:48:28","date_gmt":"2025-02-05T13:48:28","guid":{"rendered":"https:\/\/eterle.cz\/eshop\/produkt\/osmi-ramenny-mosazny-lustr\/"},"modified":"2025-06-09T23:46:32","modified_gmt":"2025-06-09T21:46:32","slug":"osmi-ramenny-mosazny-lustr","status":"publish","type":"product","link":"https:\/\/eterle.cz\/eshop\/produkt\/osmi-ramenny-mosazny-lustr\/","title":{"rendered":"Osmi ramenn\u00fd mosazn\u00fd lustr"},"content":{"rendered":"<p>Velk\u00fd, p\u0159esto subtiln\u00ed osmi ramenn\u00fd mosazn\u00fd lustr s imitac\u00ed starov\u011bk\u00fdch sv\u00edc\u00ed.<\/p>\n<p>Stav: dobr\u00fd, elektroinstalace p\u016fvodn\u00ed a funk\u010dn\u00ed<br \/>\nRozm\u011br<br \/>\nV\u00fd\u0161ka: 75 cm<br \/>\nD\u00e9\u013aka \u0159et\u011bzu: 33 cm<br \/>\nPr\u016fm\u011br: 68 cm<\/p>\n<p>&nbsp;<\/p>\n","protected":false},"excerpt":{"rendered":"<p>Velk\u00fd, p\u0159esto subtiln\u00ed osmi ramenn\u00fd mosazn\u00fd lustr s imitac\u00ed starov\u011bk\u00fdch sv\u00edc\u00ed. Stav: dobr\u00fd, elektroinstalace p\u016fvodn\u00ed a funk\u010dn\u00ed Rozm\u011br V\u00fd\u0161ka: 75<\/p>\n","protected":false},"featured_media":23825,"template":"","meta":[],"product_brand":[153],"product_cat":[91],"product_tag":[],"class_list":{"0":"post-23824","1":"product","2":"type-product","3":"status-publish","4":"has-post-thumbnail","6":"product_brand-eterle-cz","7":"product_cat-prodane","8":"product_shipping_class-nadrozmerne","10":"first","11":"outofstock","12":"purchasable","13":"product-type-simple"},"_links":{"self":[{"href":"https:\/\/eterle.cz\/eshop\/wp-json\/wp\/v2\/product\/23824","targetHints":{"allow":["GET"]}}],"collection":[{"href":"https:\/\/eterle.cz\/eshop\/wp-json\/wp\/v2\/product"}],"about":[{"href":"https:\/\/eterle.cz\/eshop\/wp-json\/wp\/v2\/types\/product"}],"version-history":[{"count":1,"href":"https:\/\/eterle.cz\/eshop\/wp-json\/wp\/v2\/product\/23824\/revisions"}],"predecessor-version":[{"id":25244,"href":"https:\/\/eterle.cz\/eshop\/wp-json\/wp\/v2\/product\/23824\/revisions\/25244"}],"wp:featuredmedia":[{"embeddable":true,"href":"https:\/\/eterle.cz\/eshop\/wp-json\/wp\/v2\/media\/23825"}],"wp:attachment":[{"href":"https:\/\/eterle.cz\/eshop\/wp-json\/wp\/v2\/media?parent=23824"}],"wp:term":[{"taxonomy":"product_brand","embeddable":true,"href":"https:\/\/eterle.cz\/eshop\/wp-json\/wp\/v2\/product_brand?post=23824"},{"taxonomy":"product_cat","embeddable":true,"href":"https:\/\/eterle.cz\/eshop\/wp-json\/wp\/v2\/product_cat?post=23824"},{"taxonomy":"product_tag","embeddable":true,"href":"https:\/\/eterle.cz\/eshop\/wp-json\/wp\/v2\/product_tag?post=23824"}],"curies":[{"name":"wp","href":"https:\/\/api.w.org\/{rel}","templated":true}]}}