{"id":23832,"date":"2025-02-05T14:48:42","date_gmt":"2025-02-05T13:48:42","guid":{"rendered":"https:\/\/eterle.cz\/eshop\/produkt\/stojaci-lampa-helena-frantova\/"},"modified":"2025-06-24T01:57:29","modified_gmt":"2025-06-23T23:57:29","slug":"stojaci-lampa-helena-frantova","status":"publish","type":"product","link":"https:\/\/eterle.cz\/eshop\/produkt\/stojaci-lampa-helena-frantova\/","title":{"rendered":"Stojac\u00ed lampa \/ Helena Frantov\u00e1"},"content":{"rendered":"<p>Ojedin\u011bl\u00e1 stojac\u00ed lampa od um\u011bleckopr\u016fmyslov\u00e9  design\u00e9rky Heleny Frantov\u00e9. Zn\u00e1m\u00e1 je ve stoln\u00ed verzi, ale jako stojac\u00ed lampa se vyr\u00e1b\u011bla pouze p\u00e1r let a dochovalo se jen p\u00e1r kus\u016f. Poch\u00e1z\u00ed z 50. let minul\u00e9ho stolet\u00ed a z\u00edskala si p\u0159ezd\u00edvku &#8222;\u010c\u00ed\u0148an&#8220;. Lampa je tvo\u0159ena subtiln\u00ed kovovou konstrukc\u00ed, na n\u00ed\u017e je zav\u011b\u0161eno samotn\u00e9 sv\u011btlo se st\u00ednidlem z tvrd\u00e9ho voskov\u00e9ho pap\u00edru. Toto osv\u011btlen\u00ed se stalo ikonick\u00fdm v\u00fdrobkem modernistick\u00e9ho desinu.<\/p>\n<p>Stav: elektroinstalace p\u016fvodn\u00ed a funk\u010dn\u00ed, st\u00ednidlo trochu poma\u010dkan\u00e9, ty\u010d m\u00edrn\u011b od\u0159ena<br \/>\nRozm\u011br<br \/>\nV\u00fd\u0161ka: 170 cm<br \/>\nHloubka: 50 cm<br \/>\nPr\u016fm\u011br: 35 cm<\/p>\n<p>&nbsp;<\/p>\n","protected":false},"excerpt":{"rendered":"<p>Ojedin\u011bl\u00e1 stojac\u00ed lampa od um\u011bleckopr\u016fmyslov\u00e9 design\u00e9rky Heleny Frantov\u00e9. Zn\u00e1m\u00e1 je ve stoln\u00ed verzi, ale jako stojac\u00ed lampa se vyr\u00e1b\u011bla pouze<\/p>\n","protected":false},"featured_media":23833,"template":"","meta":[],"product_brand":[153],"product_cat":[79,142],"product_tag":[],"class_list":{"0":"post-23832","1":"product","2":"type-product","3":"status-publish","4":"has-post-thumbnail","6":"product_brand-eterle-cz","7":"product_cat-svetla","8":"product_cat-stojaci-lampy","9":"product_shipping_class-nadrozmerne","11":"first","12":"instock","13":"purchasable","14":"product-type-simple"},"_links":{"self":[{"href":"https:\/\/eterle.cz\/eshop\/wp-json\/wp\/v2\/product\/23832","targetHints":{"allow":["GET"]}}],"collection":[{"href":"https:\/\/eterle.cz\/eshop\/wp-json\/wp\/v2\/product"}],"about":[{"href":"https:\/\/eterle.cz\/eshop\/wp-json\/wp\/v2\/types\/product"}],"version-history":[{"count":1,"href":"https:\/\/eterle.cz\/eshop\/wp-json\/wp\/v2\/product\/23832\/revisions"}],"predecessor-version":[{"id":25243,"href":"https:\/\/eterle.cz\/eshop\/wp-json\/wp\/v2\/product\/23832\/revisions\/25243"}],"wp:featuredmedia":[{"embeddable":true,"href":"https:\/\/eterle.cz\/eshop\/wp-json\/wp\/v2\/media\/23833"}],"wp:attachment":[{"href":"https:\/\/eterle.cz\/eshop\/wp-json\/wp\/v2\/media?parent=23832"}],"wp:term":[{"taxonomy":"product_brand","embeddable":true,"href":"https:\/\/eterle.cz\/eshop\/wp-json\/wp\/v2\/product_brand?post=23832"},{"taxonomy":"product_cat","embeddable":true,"href":"https:\/\/eterle.cz\/eshop\/wp-json\/wp\/v2\/product_cat?post=23832"},{"taxonomy":"product_tag","embeddable":true,"href":"https:\/\/eterle.cz\/eshop\/wp-json\/wp\/v2\/product_tag?post=23832"}],"curies":[{"name":"wp","href":"https:\/\/api.w.org\/{rel}","templated":true}]}}