{"id":23841,"date":"2025-02-05T14:48:58","date_gmt":"2025-02-05T13:48:58","guid":{"rendered":"https:\/\/eterle.cz\/eshop\/produkt\/keramicka-lampa-nemecko\/"},"modified":"2025-06-24T01:57:29","modified_gmt":"2025-06-23T23:57:29","slug":"keramicka-lampa-nemecko","status":"publish","type":"product","link":"https:\/\/eterle.cz\/eshop\/produkt\/keramicka-lampa-nemecko\/","title":{"rendered":"Keramick\u00e1 lampa \/ N\u011bmecko"},"content":{"rendered":"<p>Retro sotajc\u00ed keramick\u00e1 lampa ze 70. le tminul\u00e9ho stolet\u00ed z N\u011bmecka. Vzhledem ke sv\u00e9 velikosti lze postavit i p\u0159\u00edmo na zem.<\/p>\n<p>Stav: dobr\u00fd, elektroinstalace p\u016fvodn\u00ed a funk\u010dn\u00ed<br \/>\nRozm\u011br<br \/>\nV\u00fd\u0161ka: 122 cm<br \/>\nV\u00fd\u0161ka st\u00ednidla: 80 cm<br \/>\nPr\u016fm\u011br: 37 cm<\/p>\n<p>&nbsp;<\/p>\n","protected":false},"excerpt":{"rendered":"<p>Retro sotajc\u00ed keramick\u00e1 lampa ze 70. le tminul\u00e9ho stolet\u00ed z N\u011bmecka. Vzhledem ke sv\u00e9 velikosti lze postavit i p\u0159\u00edmo na<\/p>\n","protected":false},"featured_media":23842,"template":"","meta":[],"product_brand":[153],"product_cat":[79,142,141],"product_tag":[],"class_list":{"0":"post-23841","1":"product","2":"type-product","3":"status-publish","4":"has-post-thumbnail","6":"product_brand-eterle-cz","7":"product_cat-svetla","8":"product_cat-stojaci-lampy","9":"product_cat-stolni-lampy","10":"product_shipping_class-nadrozmerne","12":"first","13":"instock","14":"purchasable","15":"product-type-simple"},"_links":{"self":[{"href":"https:\/\/eterle.cz\/eshop\/wp-json\/wp\/v2\/product\/23841","targetHints":{"allow":["GET"]}}],"collection":[{"href":"https:\/\/eterle.cz\/eshop\/wp-json\/wp\/v2\/product"}],"about":[{"href":"https:\/\/eterle.cz\/eshop\/wp-json\/wp\/v2\/types\/product"}],"version-history":[{"count":1,"href":"https:\/\/eterle.cz\/eshop\/wp-json\/wp\/v2\/product\/23841\/revisions"}],"predecessor-version":[{"id":25242,"href":"https:\/\/eterle.cz\/eshop\/wp-json\/wp\/v2\/product\/23841\/revisions\/25242"}],"wp:featuredmedia":[{"embeddable":true,"href":"https:\/\/eterle.cz\/eshop\/wp-json\/wp\/v2\/media\/23842"}],"wp:attachment":[{"href":"https:\/\/eterle.cz\/eshop\/wp-json\/wp\/v2\/media?parent=23841"}],"wp:term":[{"taxonomy":"product_brand","embeddable":true,"href":"https:\/\/eterle.cz\/eshop\/wp-json\/wp\/v2\/product_brand?post=23841"},{"taxonomy":"product_cat","embeddable":true,"href":"https:\/\/eterle.cz\/eshop\/wp-json\/wp\/v2\/product_cat?post=23841"},{"taxonomy":"product_tag","embeddable":true,"href":"https:\/\/eterle.cz\/eshop\/wp-json\/wp\/v2\/product_tag?post=23841"}],"curies":[{"name":"wp","href":"https:\/\/api.w.org\/{rel}","templated":true}]}}