{"id":23855,"date":"2025-02-05T14:49:22","date_gmt":"2025-02-05T13:49:22","guid":{"rendered":"https:\/\/eterle.cz\/eshop\/produkt\/stolni-lampicka-opp-jihlava\/"},"modified":"2025-05-22T16:40:02","modified_gmt":"2025-05-22T14:40:02","slug":"stolni-lampicka-opp-jihlava","status":"publish","type":"product","link":"https:\/\/eterle.cz\/eshop\/produkt\/stolni-lampicka-opp-jihlava\/","title":{"rendered":"Stoln\u00ed lampi\u010dka \/ OPP Jihlava"},"content":{"rendered":"<p>Sklen\u011bn\u00e1 stoln\u00ed lampa z 60. le tminul\u00e9ho stolet\u00ed od firmy OPP Jihlava. Lampu tvo\u0159\u00ed sklen\u011bn\u00fd podstavec z op\u00e1lov\u00e9ho skla a sklen\u011bn\u00e9 st\u00ednidlo z oran\u017eov\u011b zbarven\u00e9ho op\u00e1lov\u00e9ho skla. Vytv\u00e1\u0159\u00ed p\u0159\u00edjmen\u00e9 tlumen\u00e9 sv\u011btlo podobn\u011b jako op\u00e1lov\u00e9 lampy od \u0160t\u011bp\u00e1na Tabery.<\/p>\n<p>Stav: elektroinstalace p\u016fvodn\u00ed a funk\u010dn\u00ed, stav dobr\u00fd jen zespodu na jednom m\u00edst\u011b od\u0159en\u00e1 se st\u00ednidlem nen\u00ed vid\u011bt<br \/>\nRozm\u011br<br \/>\nV\u00fd\u0161ka: 36 cm<br \/>\nPr\u016fm\u011br: 22 cm<\/p>\n<p>&nbsp;<\/p>\n","protected":false},"excerpt":{"rendered":"<p>Sklen\u011bn\u00e1 stoln\u00ed lampa z 60. le tminul\u00e9ho stolet\u00ed od firmy OPP Jihlava. Lampu tvo\u0159\u00ed sklen\u011bn\u00fd podstavec z op\u00e1lov\u00e9ho skla a<\/p>\n","protected":false},"featured_media":23856,"template":"","meta":[],"product_brand":[153],"product_cat":[91],"product_tag":[],"class_list":{"0":"post-23855","1":"product","2":"type-product","3":"status-publish","4":"has-post-thumbnail","6":"product_brand-eterle-cz","7":"product_cat-prodane","8":"product_shipping_class-nadrozmerne","10":"first","11":"outofstock","12":"purchasable","13":"product-type-simple"},"_links":{"self":[{"href":"https:\/\/eterle.cz\/eshop\/wp-json\/wp\/v2\/product\/23855","targetHints":{"allow":["GET"]}}],"collection":[{"href":"https:\/\/eterle.cz\/eshop\/wp-json\/wp\/v2\/product"}],"about":[{"href":"https:\/\/eterle.cz\/eshop\/wp-json\/wp\/v2\/types\/product"}],"version-history":[{"count":1,"href":"https:\/\/eterle.cz\/eshop\/wp-json\/wp\/v2\/product\/23855\/revisions"}],"predecessor-version":[{"id":24568,"href":"https:\/\/eterle.cz\/eshop\/wp-json\/wp\/v2\/product\/23855\/revisions\/24568"}],"wp:featuredmedia":[{"embeddable":true,"href":"https:\/\/eterle.cz\/eshop\/wp-json\/wp\/v2\/media\/23856"}],"wp:attachment":[{"href":"https:\/\/eterle.cz\/eshop\/wp-json\/wp\/v2\/media?parent=23855"}],"wp:term":[{"taxonomy":"product_brand","embeddable":true,"href":"https:\/\/eterle.cz\/eshop\/wp-json\/wp\/v2\/product_brand?post=23855"},{"taxonomy":"product_cat","embeddable":true,"href":"https:\/\/eterle.cz\/eshop\/wp-json\/wp\/v2\/product_cat?post=23855"},{"taxonomy":"product_tag","embeddable":true,"href":"https:\/\/eterle.cz\/eshop\/wp-json\/wp\/v2\/product_tag?post=23855"}],"curies":[{"name":"wp","href":"https:\/\/api.w.org\/{rel}","templated":true}]}}