{"id":23862,"date":"2025-02-05T14:49:33","date_gmt":"2025-02-05T13:49:33","guid":{"rendered":"https:\/\/eterle.cz\/eshop\/produkt\/stolni-lampicka-doria\/"},"modified":"2025-02-26T23:09:10","modified_gmt":"2025-02-26T22:09:10","slug":"stolni-lampicka-doria","status":"publish","type":"product","link":"https:\/\/eterle.cz\/eshop\/produkt\/stolni-lampicka-doria\/","title":{"rendered":"Stoln\u00ed lampi\u010dka \/ Doria"},"content":{"rendered":"<p>Zaj\u00edmav\u00e1 stoln\u00ed lampa, kter\u00e1 kombinuje mnoho tvar\u016f, barev i materi\u00e1l\u016f. Modr\u00e1 sklen\u011bn\u00e1 z\u00e1kladna, na kterou navazuje \u00fazk\u00e1 noha z kovu a zakon\u010dena je velk\u00fdm plastick\u00fdm st\u00ednidlem z op\u00e1lov\u00e9ho skla.<\/p>\n<p>Stav: dobr\u00fd, elektroinstalace p\u016fvodn\u00ed a funk\u010dn\u00ed<br \/>\nZna\u010dka: Doria<br \/>\nRozm\u011br<br \/>\nV\u00fd\u0161ka: 56 cm<br \/>\nPr\u016fm\u011br: 18 cm<\/p>\n<p>&nbsp;<\/p>\n","protected":false},"excerpt":{"rendered":"<p>Zaj\u00edmav\u00e1 stoln\u00ed lampa, kter\u00e1 kombinuje mnoho tvar\u016f, barev i materi\u00e1l\u016f. Modr\u00e1 sklen\u011bn\u00e1 z\u00e1kladna, na kterou navazuje \u00fazk\u00e1 noha z kovu<\/p>\n","protected":false},"featured_media":23863,"template":"","meta":[],"product_brand":[153],"product_cat":[91],"product_tag":[],"class_list":{"0":"post-23862","1":"product","2":"type-product","3":"status-publish","4":"has-post-thumbnail","6":"product_brand-eterle-cz","7":"product_cat-prodane","8":"product_shipping_class-nadrozmerne","10":"first","11":"outofstock","12":"purchasable","13":"product-type-simple"},"_links":{"self":[{"href":"https:\/\/eterle.cz\/eshop\/wp-json\/wp\/v2\/product\/23862","targetHints":{"allow":["GET"]}}],"collection":[{"href":"https:\/\/eterle.cz\/eshop\/wp-json\/wp\/v2\/product"}],"about":[{"href":"https:\/\/eterle.cz\/eshop\/wp-json\/wp\/v2\/types\/product"}],"version-history":[{"count":0,"href":"https:\/\/eterle.cz\/eshop\/wp-json\/wp\/v2\/product\/23862\/revisions"}],"wp:featuredmedia":[{"embeddable":true,"href":"https:\/\/eterle.cz\/eshop\/wp-json\/wp\/v2\/media\/23863"}],"wp:attachment":[{"href":"https:\/\/eterle.cz\/eshop\/wp-json\/wp\/v2\/media?parent=23862"}],"wp:term":[{"taxonomy":"product_brand","embeddable":true,"href":"https:\/\/eterle.cz\/eshop\/wp-json\/wp\/v2\/product_brand?post=23862"},{"taxonomy":"product_cat","embeddable":true,"href":"https:\/\/eterle.cz\/eshop\/wp-json\/wp\/v2\/product_cat?post=23862"},{"taxonomy":"product_tag","embeddable":true,"href":"https:\/\/eterle.cz\/eshop\/wp-json\/wp\/v2\/product_tag?post=23862"}],"curies":[{"name":"wp","href":"https:\/\/api.w.org\/{rel}","templated":true}]}}