{"id":23887,"date":"2025-02-05T14:50:19","date_gmt":"2025-02-05T13:50:19","guid":{"rendered":"https:\/\/eterle.cz\/eshop\/produkt\/stolni-lampa-meblo-a-ikea\/"},"modified":"2025-06-24T01:57:29","modified_gmt":"2025-06-23T23:57:29","slug":"stolni-lampa-meblo-a-ikea","status":"publish","type":"product","link":"https:\/\/eterle.cz\/eshop\/produkt\/stolni-lampa-meblo-a-ikea\/","title":{"rendered":"Stoln\u00ed lampa \/ Meblo a Ikea"},"content":{"rendered":"<p>Zaj\u00edmav\u00e1 lampa, kter\u00e1 je z\u0159ejm\u011b v\u00fdsledkem dom\u00e1c\u00ed v\u00fdroby. St\u00ednidlo je p\u0159ed\u011blan\u00e1 m\u00edsa na ovoce od Ehlena Johanssona pro Ikeu z roku 1990. Z\u00e1kladna lampy od firmy Meblo.<\/p>\n<p>Stav: p\u016fvodn\u00ed a funk\u010dn\u00ed, elektroinstalace p\u016fvodn\u00ed a funk\u010dn\u00ed<br \/>\nZna\u010dka: Meblo, Ikea<br \/>\nRozm\u011br<br \/>\nV\u00fd\u0161ka: 63 cm<br \/>\nPr\u016fm\u011br: 30 cm<\/p>\n<p>&nbsp;<\/p>\n","protected":false},"excerpt":{"rendered":"<p>Zaj\u00edmav\u00e1 lampa, kter\u00e1 je z\u0159ejm\u011b v\u00fdsledkem dom\u00e1c\u00ed v\u00fdroby. St\u00ednidlo je p\u0159ed\u011blan\u00e1 m\u00edsa na ovoce od Ehlena Johanssona pro Ikeu z<\/p>\n","protected":false},"featured_media":23888,"template":"","meta":[],"product_brand":[153],"product_cat":[79,141],"product_tag":[],"class_list":{"0":"post-23887","1":"product","2":"type-product","3":"status-publish","4":"has-post-thumbnail","6":"product_brand-eterle-cz","7":"product_cat-svetla","8":"product_cat-stolni-lampy","9":"product_shipping_class-nadrozmerne","11":"first","12":"instock","13":"purchasable","14":"product-type-simple"},"_links":{"self":[{"href":"https:\/\/eterle.cz\/eshop\/wp-json\/wp\/v2\/product\/23887","targetHints":{"allow":["GET"]}}],"collection":[{"href":"https:\/\/eterle.cz\/eshop\/wp-json\/wp\/v2\/product"}],"about":[{"href":"https:\/\/eterle.cz\/eshop\/wp-json\/wp\/v2\/types\/product"}],"version-history":[{"count":1,"href":"https:\/\/eterle.cz\/eshop\/wp-json\/wp\/v2\/product\/23887\/revisions"}],"predecessor-version":[{"id":25240,"href":"https:\/\/eterle.cz\/eshop\/wp-json\/wp\/v2\/product\/23887\/revisions\/25240"}],"wp:featuredmedia":[{"embeddable":true,"href":"https:\/\/eterle.cz\/eshop\/wp-json\/wp\/v2\/media\/23888"}],"wp:attachment":[{"href":"https:\/\/eterle.cz\/eshop\/wp-json\/wp\/v2\/media?parent=23887"}],"wp:term":[{"taxonomy":"product_brand","embeddable":true,"href":"https:\/\/eterle.cz\/eshop\/wp-json\/wp\/v2\/product_brand?post=23887"},{"taxonomy":"product_cat","embeddable":true,"href":"https:\/\/eterle.cz\/eshop\/wp-json\/wp\/v2\/product_cat?post=23887"},{"taxonomy":"product_tag","embeddable":true,"href":"https:\/\/eterle.cz\/eshop\/wp-json\/wp\/v2\/product_tag?post=23887"}],"curies":[{"name":"wp","href":"https:\/\/api.w.org\/{rel}","templated":true}]}}