{"id":23911,"date":"2025-02-11T19:13:49","date_gmt":"2025-02-11T18:13:49","guid":{"rendered":"https:\/\/eterle.cz\/eshop\/produkt\/hrnecek-na-caj-rosenthal\/"},"modified":"2026-03-25T19:47:26","modified_gmt":"2026-03-25T18:47:26","slug":"hrnecek-na-caj-rosenthal","status":"publish","type":"product","link":"https:\/\/eterle.cz\/eshop\/produkt\/hrnecek-na-caj-rosenthal\/","title":{"rendered":"Hrne\u010dek na \u010daj \/ Rosenthal"},"content":{"rendered":"<p>Kr\u00e1sn\u00fd hrne\u010dek na \u010daj od n\u011bmeck\u00e9 porcel\u00e1nky Rosenthal z kolekce Landscape je z tenk\u00e9ho st\u0159epu s extravagantn\u00edm uchem a zaj\u00edmav\u00fdm mal\u00fdm podstavcem.<\/p>\n<p>Stav: nov\u00fd<br \/>\nZna\u010dka: Rosenthal<br \/>\nRozm\u011br<br \/>\nV\u00fd\u0161ka: 5 cm<br \/>\nObjem: 200 ml (napln\u011bno po okraj)<\/p>\n<p>&nbsp;<\/p>\n","protected":false},"excerpt":{"rendered":"<p>Kr\u00e1sn\u00fd hrne\u010dek na \u010daj od n\u011bmeck\u00e9 porcel\u00e1nky Rosenthal z kolekce Landscape je z tenk\u00e9ho st\u0159epu s extravagantn\u00edm uchem a zaj\u00edmav\u00fdm<\/p>\n","protected":false},"featured_media":23912,"template":"","meta":[],"product_brand":[153],"product_cat":[91],"product_tag":[],"class_list":{"0":"post-23911","1":"product","2":"type-product","3":"status-publish","4":"has-post-thumbnail","6":"product_brand-eterle-cz","7":"product_cat-prodane","9":"first","10":"outofstock","11":"purchasable","12":"product-type-simple"},"_links":{"self":[{"href":"https:\/\/eterle.cz\/eshop\/wp-json\/wp\/v2\/product\/23911","targetHints":{"allow":["GET"]}}],"collection":[{"href":"https:\/\/eterle.cz\/eshop\/wp-json\/wp\/v2\/product"}],"about":[{"href":"https:\/\/eterle.cz\/eshop\/wp-json\/wp\/v2\/types\/product"}],"version-history":[{"count":1,"href":"https:\/\/eterle.cz\/eshop\/wp-json\/wp\/v2\/product\/23911\/revisions"}],"predecessor-version":[{"id":25239,"href":"https:\/\/eterle.cz\/eshop\/wp-json\/wp\/v2\/product\/23911\/revisions\/25239"}],"wp:featuredmedia":[{"embeddable":true,"href":"https:\/\/eterle.cz\/eshop\/wp-json\/wp\/v2\/media\/23912"}],"wp:attachment":[{"href":"https:\/\/eterle.cz\/eshop\/wp-json\/wp\/v2\/media?parent=23911"}],"wp:term":[{"taxonomy":"product_brand","embeddable":true,"href":"https:\/\/eterle.cz\/eshop\/wp-json\/wp\/v2\/product_brand?post=23911"},{"taxonomy":"product_cat","embeddable":true,"href":"https:\/\/eterle.cz\/eshop\/wp-json\/wp\/v2\/product_cat?post=23911"},{"taxonomy":"product_tag","embeddable":true,"href":"https:\/\/eterle.cz\/eshop\/wp-json\/wp\/v2\/product_tag?post=23911"}],"curies":[{"name":"wp","href":"https:\/\/api.w.org\/{rel}","templated":true}]}}