{"id":23916,"date":"2025-02-11T19:13:59","date_gmt":"2025-02-11T18:13:59","guid":{"rendered":"https:\/\/eterle.cz\/eshop\/produkt\/party-talirek\/"},"modified":"2025-06-24T01:57:29","modified_gmt":"2025-06-23T23:57:29","slug":"party-talirek","status":"publish","type":"product","link":"https:\/\/eterle.cz\/eshop\/produkt\/party-talirek\/","title":{"rendered":"Party tal\u00ed\u0159ek"},"content":{"rendered":"<p>Praktick\u00fd a vtipn\u00fd tal\u00ed\u0159ek na ve\u010d\u00edrky do kter\u00e9ho vlo\u017e\u00edte skleni\u010dku, co\u017e v\u00e1m umo\u017en\u00ed volnou ruku na p\u0159id\u00e1v\u00e1n\u00ed dal\u0161\u00edch dobrot.  (prod\u00e1v\u00e1me bez skleni\u010dky).<\/p>\n<p>Stav: nov\u00fd<br \/>\nRozm\u011br<br \/>\nPr\u016fm\u011br: 18,5 cm<\/p>\n<p>&nbsp;<\/p>\n","protected":false},"excerpt":{"rendered":"<p>Praktick\u00fd a vtipn\u00fd tal\u00ed\u0159ek na ve\u010d\u00edrky do kter\u00e9ho vlo\u017e\u00edte skleni\u010dku, co\u017e v\u00e1m umo\u017en\u00ed volnou ruku na p\u0159id\u00e1v\u00e1n\u00ed dal\u0161\u00edch dobrot. (prod\u00e1v\u00e1me<\/p>\n","protected":false},"featured_media":23917,"template":"","meta":[],"product_brand":[153],"product_cat":[76,109],"product_tag":[],"class_list":{"0":"post-23916","1":"product","2":"type-product","3":"status-publish","4":"has-post-thumbnail","6":"product_brand-eterle-cz","7":"product_cat-porcelan","8":"product_cat-talire","10":"first","11":"instock","12":"purchasable","13":"product-type-simple"},"_links":{"self":[{"href":"https:\/\/eterle.cz\/eshop\/wp-json\/wp\/v2\/product\/23916","targetHints":{"allow":["GET"]}}],"collection":[{"href":"https:\/\/eterle.cz\/eshop\/wp-json\/wp\/v2\/product"}],"about":[{"href":"https:\/\/eterle.cz\/eshop\/wp-json\/wp\/v2\/types\/product"}],"version-history":[{"count":1,"href":"https:\/\/eterle.cz\/eshop\/wp-json\/wp\/v2\/product\/23916\/revisions"}],"predecessor-version":[{"id":25238,"href":"https:\/\/eterle.cz\/eshop\/wp-json\/wp\/v2\/product\/23916\/revisions\/25238"}],"wp:featuredmedia":[{"embeddable":true,"href":"https:\/\/eterle.cz\/eshop\/wp-json\/wp\/v2\/media\/23917"}],"wp:attachment":[{"href":"https:\/\/eterle.cz\/eshop\/wp-json\/wp\/v2\/media?parent=23916"}],"wp:term":[{"taxonomy":"product_brand","embeddable":true,"href":"https:\/\/eterle.cz\/eshop\/wp-json\/wp\/v2\/product_brand?post=23916"},{"taxonomy":"product_cat","embeddable":true,"href":"https:\/\/eterle.cz\/eshop\/wp-json\/wp\/v2\/product_cat?post=23916"},{"taxonomy":"product_tag","embeddable":true,"href":"https:\/\/eterle.cz\/eshop\/wp-json\/wp\/v2\/product_tag?post=23916"}],"curies":[{"name":"wp","href":"https:\/\/api.w.org\/{rel}","templated":true}]}}