{"id":23939,"date":"2025-02-11T19:14:41","date_gmt":"2025-02-11T18:14:41","guid":{"rendered":"https:\/\/eterle.cz\/eshop\/produkt\/jidelni-sada-silesia\/"},"modified":"2025-05-22T16:41:23","modified_gmt":"2025-05-22T14:41:23","slug":"jidelni-sada-silesia","status":"publish","type":"product","link":"https:\/\/eterle.cz\/eshop\/produkt\/jidelni-sada-silesia\/","title":{"rendered":"J\u00eddeln\u00ed sada \/ Silesia"},"content":{"rendered":"<p>J\u00eddeln\u00ed sada pro 6 osob od n\u011bmeck\u00e9 porcel\u00e1nky Silesia zalo\u017een\u00e9 v 19. stolet\u00ed. Relativn\u011b tenk\u00fd st\u0159ep zdoben po okraji mnoha technikami &#8211; zlat\u00fd prou\u017eek, plastick\u00fd b\u00edl\u00fd vzor a nejv\u00fdrazn\u011bj\u0161\u00ed malovan\u00fd vzor v modr\u00e9 barv\u011b. Sada p\u016fsob\u00ed secesn\u00edm dojmem.<\/p>\n<p>Sada obsahuje: 6 m\u011blk\u00fdch tal\u00ed\u0159\u016f, 6 hlubok\u00fdch tal\u00ed\u0159\u016f, 6 dezertn\u00edch tal\u00ed\u0159\u016f, 2 sal\u00e1tov\u00e9 m\u00edsy, 2 ov\u00e1ln\u00e9 m\u00edsy, pol\u00e9vkovou m\u00edsu, om\u00e1\u010dn\u00edk<\/p>\n<p>Stav: velmi dobr\u00fd, zlat\u00fd okraj m\u00edsty lehce set\u0159en. V\u011bt\u0161\u00ed hranat\u00e1 m\u00edsa m\u00e1 zespoda na podstavci m\u00edsty o\u0161t\u00edpan\u00fd okraj.<br \/>\nZna\u010dka: Silesia<br \/>\nRozm\u011br<br \/>\nPr\u016fm\u011br m\u011blk\u00e9ho tal\u00ed\u0159e: 24 cm<br \/>\nPr\u016fm\u011br hlubok\u00e9ho tal\u00ed\u0159e: 24 cm<br \/>\nPr\u016fm\u011br dezertn\u00edho tal\u00ed\u0159e: 19 cm<br \/>\nObjem pol\u00e9vkov\u00e9 m\u00edsy: 2 l<br \/>\nV\u011bt\u0161\u00ed hranat\u00e9 m\u00edsy: pr\u016fm\u011br 21,5 cm; v\u00fd\u0161ka 5,5 cm<br \/>\nMen\u0161\u00ed hranat\u00e9 m\u00edsy: pr\u016fm\u011br 16,5 cm; v\u00fd\u0161ka 4,5 cm<br \/>\nV\u011bt\u0161\u00ed ov\u00e1ln\u00e9 m\u00edsy: 38 x 25 cm<br \/>\nMen\u0161\u00ed ov\u00e1ln\u00e9 m\u00edsy: 29 x 19 cm<br \/>\nOm\u00e1\u010dn\u00edk: v\u00fd\u0161ka 9,5 cm, d\u00e9lka 24 cm<\/p>\n<p>&nbsp;<\/p>\n","protected":false},"excerpt":{"rendered":"<p>J\u00eddeln\u00ed sada pro 6 osob od n\u011bmeck\u00e9 porcel\u00e1nky Silesia zalo\u017een\u00e9 v 19. stolet\u00ed. Relativn\u011b tenk\u00fd st\u0159ep zdoben po okraji mnoha<\/p>\n","protected":false},"featured_media":23940,"template":"","meta":[],"product_brand":[153],"product_cat":[91],"product_tag":[],"class_list":{"0":"post-23939","1":"product","2":"type-product","3":"status-publish","4":"has-post-thumbnail","6":"product_brand-eterle-cz","7":"product_cat-prodane","9":"first","10":"outofstock","11":"purchasable","12":"product-type-simple"},"_links":{"self":[{"href":"https:\/\/eterle.cz\/eshop\/wp-json\/wp\/v2\/product\/23939","targetHints":{"allow":["GET"]}}],"collection":[{"href":"https:\/\/eterle.cz\/eshop\/wp-json\/wp\/v2\/product"}],"about":[{"href":"https:\/\/eterle.cz\/eshop\/wp-json\/wp\/v2\/types\/product"}],"version-history":[{"count":1,"href":"https:\/\/eterle.cz\/eshop\/wp-json\/wp\/v2\/product\/23939\/revisions"}],"predecessor-version":[{"id":24569,"href":"https:\/\/eterle.cz\/eshop\/wp-json\/wp\/v2\/product\/23939\/revisions\/24569"}],"wp:featuredmedia":[{"embeddable":true,"href":"https:\/\/eterle.cz\/eshop\/wp-json\/wp\/v2\/media\/23940"}],"wp:attachment":[{"href":"https:\/\/eterle.cz\/eshop\/wp-json\/wp\/v2\/media?parent=23939"}],"wp:term":[{"taxonomy":"product_brand","embeddable":true,"href":"https:\/\/eterle.cz\/eshop\/wp-json\/wp\/v2\/product_brand?post=23939"},{"taxonomy":"product_cat","embeddable":true,"href":"https:\/\/eterle.cz\/eshop\/wp-json\/wp\/v2\/product_cat?post=23939"},{"taxonomy":"product_tag","embeddable":true,"href":"https:\/\/eterle.cz\/eshop\/wp-json\/wp\/v2\/product_tag?post=23939"}],"curies":[{"name":"wp","href":"https:\/\/api.w.org\/{rel}","templated":true}]}}