{"id":23952,"date":"2025-02-11T19:15:00","date_gmt":"2025-02-11T18:15:00","guid":{"rendered":"https:\/\/eterle.cz\/eshop\/produkt\/detsky-talirek-epiag\/"},"modified":"2025-09-07T22:16:57","modified_gmt":"2025-09-07T20:16:57","slug":"detsky-talirek-epiag","status":"publish","type":"product","link":"https:\/\/eterle.cz\/eshop\/produkt\/detsky-talirek-epiag\/","title":{"rendered":"D\u011btsk\u00fd tal\u00ed\u0159ek \/ Epiag"},"content":{"rendered":"<p>D\u011btsk\u00fd j\u00eddeln\u00ed tal\u00ed\u0159ek z minul\u00e9ho stolet\u00ed od \u010desk\u00e9 porcel\u00e1nky Epiag pot\u011b\u0161\u00ed sv\u00fdm vesel\u00fdm ka\u0161p\u00e1rkem ka\u017ed\u00e9ho mal\u00e9ho jedl\u00edka.<\/p>\n<p>Stav: dobr\u00fd<br \/>\nZna\u010dka: Epiag<br \/>\nRozm\u011br<br \/>\nPr\u016fm\u011br: 20 cm<\/p>\n<p>&nbsp;<\/p>\n","protected":false},"excerpt":{"rendered":"<p>D\u011btsk\u00fd j\u00eddeln\u00ed tal\u00ed\u0159ek z minul\u00e9ho stolet\u00ed od \u010desk\u00e9 porcel\u00e1nky Epiag pot\u011b\u0161\u00ed sv\u00fdm vesel\u00fdm ka\u0161p\u00e1rkem ka\u017ed\u00e9ho mal\u00e9ho jedl\u00edka. Stav: dobr\u00fd Zna\u010dka:<\/p>\n","protected":false},"featured_media":23953,"template":"","meta":[],"product_brand":[153],"product_cat":[76,109,112],"product_tag":[],"class_list":{"0":"post-23952","1":"product","2":"type-product","3":"status-publish","4":"has-post-thumbnail","6":"product_brand-eterle-cz","7":"product_cat-porcelan","8":"product_cat-talire","9":"product_cat-detsky-porcelan","11":"first","12":"instock","13":"purchasable","14":"product-type-simple"},"_links":{"self":[{"href":"https:\/\/eterle.cz\/eshop\/wp-json\/wp\/v2\/product\/23952","targetHints":{"allow":["GET"]}}],"collection":[{"href":"https:\/\/eterle.cz\/eshop\/wp-json\/wp\/v2\/product"}],"about":[{"href":"https:\/\/eterle.cz\/eshop\/wp-json\/wp\/v2\/types\/product"}],"version-history":[{"count":1,"href":"https:\/\/eterle.cz\/eshop\/wp-json\/wp\/v2\/product\/23952\/revisions"}],"predecessor-version":[{"id":25266,"href":"https:\/\/eterle.cz\/eshop\/wp-json\/wp\/v2\/product\/23952\/revisions\/25266"}],"wp:featuredmedia":[{"embeddable":true,"href":"https:\/\/eterle.cz\/eshop\/wp-json\/wp\/v2\/media\/23953"}],"wp:attachment":[{"href":"https:\/\/eterle.cz\/eshop\/wp-json\/wp\/v2\/media?parent=23952"}],"wp:term":[{"taxonomy":"product_brand","embeddable":true,"href":"https:\/\/eterle.cz\/eshop\/wp-json\/wp\/v2\/product_brand?post=23952"},{"taxonomy":"product_cat","embeddable":true,"href":"https:\/\/eterle.cz\/eshop\/wp-json\/wp\/v2\/product_cat?post=23952"},{"taxonomy":"product_tag","embeddable":true,"href":"https:\/\/eterle.cz\/eshop\/wp-json\/wp\/v2\/product_tag?post=23952"}],"curies":[{"name":"wp","href":"https:\/\/api.w.org\/{rel}","templated":true}]}}