{"id":23961,"date":"2025-02-11T19:15:15","date_gmt":"2025-02-11T18:15:15","guid":{"rendered":"https:\/\/eterle.cz\/eshop\/produkt\/snidanova-sada-rosenthal-9\/"},"modified":"2025-06-24T01:57:28","modified_gmt":"2025-06-23T23:57:28","slug":"snidanova-sada-rosenthal-9","status":"publish","type":"product","link":"https:\/\/eterle.cz\/eshop\/produkt\/snidanova-sada-rosenthal-9\/","title":{"rendered":"Sn\u00edda\u0148ov\u00e1 sada \/ Rosenthal"},"content":{"rendered":"<p>Sn\u00edda\u0148ov\u00e1 sada od n\u011bmeck\u00e9 zna\u010dky Rosenthal dle n\u00e1vrhu z konce 60. let minul\u00e9ho stolet\u00ed od finsk\u00e9ho designer\u00e1 Tapio Wirkkala, kter\u00fd byl p\u0159edn\u00ed postavou nov\u00e9ho u\u017eit\u00e9ho um\u011bn\u00ed a z\u00edskal za sv\u00e9 d\u00edlo mnoho ocen\u011bn\u00ed. Nebyl mu ciz\u00ed \u017e\u00e1dn\u00fd materi\u00e1l (d\u0159evo, sklo, porcel\u00e1n i plast). Mezi jeho nejzn\u00e1m\u011bj\u0161\u00ed n\u00e1vrhy pat\u0159\u00ed asi lahev pro vodku Finlandia, markov\u00e9 bankovky z roku 1955 pro finskou banku a porcel\u00e1nov\u00e9 n\u00e1dob\u00ed pro Rosenthal.<\/p>\n<p>Stav: v\u00fdborn\u00fd<br \/>\nZna\u010dka: Rosenthal<br \/>\nRozm\u011br<br \/>\nObjem hrne\u010dku: 160 ml<br \/>\nPr\u016fm\u011br pod\u0161\u00e1lku: 12 cm<br \/>\nPr\u016fm\u011br dezertn\u00edho tal\u00ed\u0159ku: 19,5 cm<\/p>\n<p>&nbsp;<\/p>\n","protected":false},"excerpt":{"rendered":"<p>Sn\u00edda\u0148ov\u00e1 sada od n\u011bmeck\u00e9 zna\u010dky Rosenthal dle n\u00e1vrhu z konce 60. let minul\u00e9ho stolet\u00ed od finsk\u00e9ho designer\u00e1 Tapio Wirkkala, kter\u00fd<\/p>\n","protected":false},"featured_media":23962,"template":"","meta":[],"product_brand":[153],"product_cat":[76,111,101],"product_tag":[],"class_list":{"0":"post-23961","1":"product","2":"type-product","3":"status-publish","4":"has-post-thumbnail","6":"product_brand-eterle-cz","7":"product_cat-porcelan","8":"product_cat-porcelanove-sady","9":"product_cat-rosenthal","11":"first","12":"instock","13":"purchasable","14":"product-type-simple"},"_links":{"self":[{"href":"https:\/\/eterle.cz\/eshop\/wp-json\/wp\/v2\/product\/23961","targetHints":{"allow":["GET"]}}],"collection":[{"href":"https:\/\/eterle.cz\/eshop\/wp-json\/wp\/v2\/product"}],"about":[{"href":"https:\/\/eterle.cz\/eshop\/wp-json\/wp\/v2\/types\/product"}],"version-history":[{"count":1,"href":"https:\/\/eterle.cz\/eshop\/wp-json\/wp\/v2\/product\/23961\/revisions"}],"predecessor-version":[{"id":25264,"href":"https:\/\/eterle.cz\/eshop\/wp-json\/wp\/v2\/product\/23961\/revisions\/25264"}],"wp:featuredmedia":[{"embeddable":true,"href":"https:\/\/eterle.cz\/eshop\/wp-json\/wp\/v2\/media\/23962"}],"wp:attachment":[{"href":"https:\/\/eterle.cz\/eshop\/wp-json\/wp\/v2\/media?parent=23961"}],"wp:term":[{"taxonomy":"product_brand","embeddable":true,"href":"https:\/\/eterle.cz\/eshop\/wp-json\/wp\/v2\/product_brand?post=23961"},{"taxonomy":"product_cat","embeddable":true,"href":"https:\/\/eterle.cz\/eshop\/wp-json\/wp\/v2\/product_cat?post=23961"},{"taxonomy":"product_tag","embeddable":true,"href":"https:\/\/eterle.cz\/eshop\/wp-json\/wp\/v2\/product_tag?post=23961"}],"curies":[{"name":"wp","href":"https:\/\/api.w.org\/{rel}","templated":true}]}}