{"id":23970,"date":"2025-02-11T19:15:30","date_gmt":"2025-02-11T18:15:30","guid":{"rendered":"https:\/\/eterle.cz\/eshop\/produkt\/hrnecek-lilien-4\/"},"modified":"2025-12-19T13:20:14","modified_gmt":"2025-12-19T12:20:14","slug":"hrnecek-lilien-4","status":"publish","type":"product","link":"https:\/\/eterle.cz\/eshop\/produkt\/hrnecek-lilien-4\/","title":{"rendered":"Hrne\u010dek \/ Lilien"},"content":{"rendered":"<p>\u0160ap\u00f3 v barv\u011b pastelov\u00e9 fialov\u00e9 od zna\u010dky Lilien p\u016fvodn\u00ed z 60. let minul\u00e9ho stolet\u00ed. Tento nad\u010dasov\u00fd design se vyr\u00e1b\u00ed i v sou\u010dasn\u00e9 dob\u011b, ale st\u0159ep nen\u00ed ji\u017e tak tenk\u00fd jako u p\u016fvodn\u00edch hrnk\u016f.<\/p>\n<p>Stav: velmi dobr\u00fd<br \/>\nZna\u010dka: Lilien<br \/>\nRozm\u011br<br \/>\nObjem hrne\u010dku: 100 ml<br \/>\nPr\u016fm\u011br pod\u0161\u00e1lku: 13 cm<\/p>\n<p>&nbsp;<\/p>\n","protected":false},"excerpt":{"rendered":"<p>\u0160ap\u00f3 v barv\u011b pastelov\u00e9 fialov\u00e9 od zna\u010dky Lilien p\u016fvodn\u00ed z 60. let minul\u00e9ho stolet\u00ed. Tento nad\u010dasov\u00fd design se vyr\u00e1b\u00ed i<\/p>\n","protected":false},"featured_media":23971,"template":"","meta":[],"product_brand":[153],"product_cat":[91],"product_tag":[],"class_list":{"0":"post-23970","1":"product","2":"type-product","3":"status-publish","4":"has-post-thumbnail","6":"product_brand-eterle-cz","7":"product_cat-prodane","9":"first","10":"outofstock","11":"purchasable","12":"product-type-simple"},"_links":{"self":[{"href":"https:\/\/eterle.cz\/eshop\/wp-json\/wp\/v2\/product\/23970","targetHints":{"allow":["GET"]}}],"collection":[{"href":"https:\/\/eterle.cz\/eshop\/wp-json\/wp\/v2\/product"}],"about":[{"href":"https:\/\/eterle.cz\/eshop\/wp-json\/wp\/v2\/types\/product"}],"version-history":[{"count":1,"href":"https:\/\/eterle.cz\/eshop\/wp-json\/wp\/v2\/product\/23970\/revisions"}],"predecessor-version":[{"id":25263,"href":"https:\/\/eterle.cz\/eshop\/wp-json\/wp\/v2\/product\/23970\/revisions\/25263"}],"wp:featuredmedia":[{"embeddable":true,"href":"https:\/\/eterle.cz\/eshop\/wp-json\/wp\/v2\/media\/23971"}],"wp:attachment":[{"href":"https:\/\/eterle.cz\/eshop\/wp-json\/wp\/v2\/media?parent=23970"}],"wp:term":[{"taxonomy":"product_brand","embeddable":true,"href":"https:\/\/eterle.cz\/eshop\/wp-json\/wp\/v2\/product_brand?post=23970"},{"taxonomy":"product_cat","embeddable":true,"href":"https:\/\/eterle.cz\/eshop\/wp-json\/wp\/v2\/product_cat?post=23970"},{"taxonomy":"product_tag","embeddable":true,"href":"https:\/\/eterle.cz\/eshop\/wp-json\/wp\/v2\/product_tag?post=23970"}],"curies":[{"name":"wp","href":"https:\/\/api.w.org\/{rel}","templated":true}]}}