{"id":23977,"date":"2025-02-11T19:15:40","date_gmt":"2025-02-11T18:15:40","guid":{"rendered":"https:\/\/eterle.cz\/eshop\/produkt\/detsky-hrnecek-czechoslovakia\/"},"modified":"2025-06-24T01:57:27","modified_gmt":"2025-06-23T23:57:27","slug":"detsky-hrnecek-czechoslovakia","status":"publish","type":"product","link":"https:\/\/eterle.cz\/eshop\/produkt\/detsky-hrnecek-czechoslovakia\/","title":{"rendered":"D\u011btsk\u00fd hrne\u010dek \/ Czechoslovakia"},"content":{"rendered":"<p>D\u011btsk\u00fd hrne\u010dek zdoben\u00fd zlat\u00fdmi obr\u00e1zky hol\u010di\u010dky s panenkou.<\/p>\n<p>Stav: dobr\u00fd<br \/>\nZna\u010dka: Czechoslovakia<br \/>\nRozm\u011br<br \/>\nObjem hrne\u010dku: 180 ml<\/p>\n<p>&nbsp;<\/p>\n","protected":false},"excerpt":{"rendered":"<p>D\u011btsk\u00fd hrne\u010dek zdoben\u00fd zlat\u00fdmi obr\u00e1zky hol\u010di\u010dky s panenkou. Stav: dobr\u00fd Zna\u010dka: Czechoslovakia Rozm\u011br Objem hrne\u010dku: 180 ml &nbsp;<\/p>\n","protected":false},"featured_media":23978,"template":"","meta":[],"product_brand":[153],"product_cat":[76,112],"product_tag":[],"class_list":{"0":"post-23977","1":"product","2":"type-product","3":"status-publish","4":"has-post-thumbnail","6":"product_brand-eterle-cz","7":"product_cat-porcelan","8":"product_cat-detsky-porcelan","10":"first","11":"instock","12":"purchasable","13":"product-type-simple"},"_links":{"self":[{"href":"https:\/\/eterle.cz\/eshop\/wp-json\/wp\/v2\/product\/23977","targetHints":{"allow":["GET"]}}],"collection":[{"href":"https:\/\/eterle.cz\/eshop\/wp-json\/wp\/v2\/product"}],"about":[{"href":"https:\/\/eterle.cz\/eshop\/wp-json\/wp\/v2\/types\/product"}],"version-history":[{"count":1,"href":"https:\/\/eterle.cz\/eshop\/wp-json\/wp\/v2\/product\/23977\/revisions"}],"predecessor-version":[{"id":25262,"href":"https:\/\/eterle.cz\/eshop\/wp-json\/wp\/v2\/product\/23977\/revisions\/25262"}],"wp:featuredmedia":[{"embeddable":true,"href":"https:\/\/eterle.cz\/eshop\/wp-json\/wp\/v2\/media\/23978"}],"wp:attachment":[{"href":"https:\/\/eterle.cz\/eshop\/wp-json\/wp\/v2\/media?parent=23977"}],"wp:term":[{"taxonomy":"product_brand","embeddable":true,"href":"https:\/\/eterle.cz\/eshop\/wp-json\/wp\/v2\/product_brand?post=23977"},{"taxonomy":"product_cat","embeddable":true,"href":"https:\/\/eterle.cz\/eshop\/wp-json\/wp\/v2\/product_cat?post=23977"},{"taxonomy":"product_tag","embeddable":true,"href":"https:\/\/eterle.cz\/eshop\/wp-json\/wp\/v2\/product_tag?post=23977"}],"curies":[{"name":"wp","href":"https:\/\/api.w.org\/{rel}","templated":true}]}}