{"id":23997,"date":"2025-02-11T19:16:15","date_gmt":"2025-02-11T18:16:15","guid":{"rendered":"https:\/\/eterle.cz\/eshop\/produkt\/snidanova-sada-rosenthal-11\/"},"modified":"2025-04-14T21:44:24","modified_gmt":"2025-04-14T19:44:24","slug":"snidanova-sada-rosenthal-11","status":"publish","type":"product","link":"https:\/\/eterle.cz\/eshop\/produkt\/snidanova-sada-rosenthal-11\/","title":{"rendered":"Sn\u00edda\u0148ov\u00e1 sada \/ Rosenthal"},"content":{"rendered":"<p>Sn\u00edda\u0148ov\u00e1 sada od n\u011bmeck\u00e9 porcel\u00e1nky Rosenthal z kolekce Maria.Tato kolekce vznikla jako pocta man\u017eelce Philippa Rosenthala. L\u00e1ska k jeho \u017een\u011b Marii byla natolik v\u00fdjime\u010dn\u00e1, \u017ee vytvo\u0159il porcel\u00e1nov\u00fd servis a pojmenoval ho po ni. Maria se stala nejprod\u00e1van\u011bj\u0161\u00ed kolekc\u00ed Rosenthal a st\u00e1le je jedna z nejv\u00fdznamn\u011bj\u0161\u00edch \u0159ad v dne\u0161n\u00edm sortimentu zna\u010dky.<\/p>\n<p>Stav: v\u00fdborn\u00fd, nepou\u017eit\u00fd<br \/>\nZna\u010dka: Rosenthal, kolekce Maria<br \/>\nRozm\u011br<br \/>\nObjem hrne\u010dku: 180<br \/>\nPr\u016fm\u011br pod\u0161\u00e1lku: 14 cm<br \/>\nPr\u016fm\u011br dezertn\u00edho tal\u00ed\u0159ku: 20 cm<\/p>\n<p>&nbsp;<\/p>\n","protected":false},"excerpt":{"rendered":"<p>Sn\u00edda\u0148ov\u00e1 sada od n\u011bmeck\u00e9 porcel\u00e1nky Rosenthal z kolekce Maria.Tato kolekce vznikla jako pocta man\u017eelce Philippa Rosenthala. L\u00e1ska k jeho \u017een\u011b<\/p>\n","protected":false},"featured_media":23998,"template":"","meta":[],"product_brand":[153],"product_cat":[91],"product_tag":[],"class_list":{"0":"post-23997","1":"product","2":"type-product","3":"status-publish","4":"has-post-thumbnail","6":"product_brand-eterle-cz","7":"product_cat-prodane","9":"first","10":"outofstock","11":"purchasable","12":"product-type-simple"},"_links":{"self":[{"href":"https:\/\/eterle.cz\/eshop\/wp-json\/wp\/v2\/product\/23997","targetHints":{"allow":["GET"]}}],"collection":[{"href":"https:\/\/eterle.cz\/eshop\/wp-json\/wp\/v2\/product"}],"about":[{"href":"https:\/\/eterle.cz\/eshop\/wp-json\/wp\/v2\/types\/product"}],"version-history":[{"count":0,"href":"https:\/\/eterle.cz\/eshop\/wp-json\/wp\/v2\/product\/23997\/revisions"}],"wp:featuredmedia":[{"embeddable":true,"href":"https:\/\/eterle.cz\/eshop\/wp-json\/wp\/v2\/media\/23998"}],"wp:attachment":[{"href":"https:\/\/eterle.cz\/eshop\/wp-json\/wp\/v2\/media?parent=23997"}],"wp:term":[{"taxonomy":"product_brand","embeddable":true,"href":"https:\/\/eterle.cz\/eshop\/wp-json\/wp\/v2\/product_brand?post=23997"},{"taxonomy":"product_cat","embeddable":true,"href":"https:\/\/eterle.cz\/eshop\/wp-json\/wp\/v2\/product_cat?post=23997"},{"taxonomy":"product_tag","embeddable":true,"href":"https:\/\/eterle.cz\/eshop\/wp-json\/wp\/v2\/product_tag?post=23997"}],"curies":[{"name":"wp","href":"https:\/\/api.w.org\/{rel}","templated":true}]}}