{"id":24006,"date":"2025-02-11T19:16:30","date_gmt":"2025-02-11T18:16:30","guid":{"rendered":"https:\/\/eterle.cz\/eshop\/produkt\/dve-misy-rosenthal\/"},"modified":"2025-02-19T00:15:16","modified_gmt":"2025-02-18T23:15:16","slug":"dve-misy-rosenthal","status":"publish","type":"product","link":"https:\/\/eterle.cz\/eshop\/produkt\/dve-misy-rosenthal\/","title":{"rendered":"Dv\u011b m\u00edsy \/ Rosenthal"},"content":{"rendered":"<p>M\u00edsy vhodn\u00e9 na sal\u00e1t i na ovoce od n\u011bmeck\u00e9 porcel\u00e1nky Rosenthal z kolekce Maria.Tato kolekce vznikla jako pocta man\u017eelce Philippa Rosenthala. L\u00e1ska k jeho \u017een\u011b Marii byla natolik v\u00fdjime\u010dn\u00e1, \u017ee vytvo\u0159il porcel\u00e1nov\u00fd servis a pojmenoval ho po ni. Maria se stala nejprod\u00e1van\u011bj\u0161\u00ed kolekc\u00ed Rosenthal a st\u00e1le je jedna z nejv\u00fdznamn\u011bj\u0161\u00edch \u0159ad v dne\u0161n\u00edm sortimentu zna\u010dky.<\/p>\n<p>Stav: v\u00fdborn\u00fd, nepou\u017eit\u00fd<br \/>\nZna\u010dka: Rosenthal, kolekce Maria<br \/>\nRozm\u011br<br \/>\nMen\u0161\u00ed m\u00edsy: pr\u016fm\u011br &#8211; 23 cm, v\u00fd\u0161ka 5,5 cm<br \/>\nV\u011bt\u0161\u00ed m\u00edsy: pr\u016fm\u011br &#8211; 26 cm, v\u00e1\u0161ka &#8211; 6 cm<\/p>\n<p>&nbsp;<\/p>\n","protected":false},"excerpt":{"rendered":"<p>M\u00edsy vhodn\u00e9 na sal\u00e1t i na ovoce od n\u011bmeck\u00e9 porcel\u00e1nky Rosenthal z kolekce Maria.Tato kolekce vznikla jako pocta man\u017eelce Philippa<\/p>\n","protected":false},"featured_media":24007,"template":"","meta":[],"product_brand":[153],"product_cat":[91],"product_tag":[],"class_list":{"0":"post-24006","1":"product","2":"type-product","3":"status-publish","4":"has-post-thumbnail","6":"product_brand-eterle-cz","7":"product_cat-prodane","9":"first","10":"outofstock","11":"purchasable","12":"product-type-simple"},"_links":{"self":[{"href":"https:\/\/eterle.cz\/eshop\/wp-json\/wp\/v2\/product\/24006","targetHints":{"allow":["GET"]}}],"collection":[{"href":"https:\/\/eterle.cz\/eshop\/wp-json\/wp\/v2\/product"}],"about":[{"href":"https:\/\/eterle.cz\/eshop\/wp-json\/wp\/v2\/types\/product"}],"version-history":[{"count":0,"href":"https:\/\/eterle.cz\/eshop\/wp-json\/wp\/v2\/product\/24006\/revisions"}],"wp:featuredmedia":[{"embeddable":true,"href":"https:\/\/eterle.cz\/eshop\/wp-json\/wp\/v2\/media\/24007"}],"wp:attachment":[{"href":"https:\/\/eterle.cz\/eshop\/wp-json\/wp\/v2\/media?parent=24006"}],"wp:term":[{"taxonomy":"product_brand","embeddable":true,"href":"https:\/\/eterle.cz\/eshop\/wp-json\/wp\/v2\/product_brand?post=24006"},{"taxonomy":"product_cat","embeddable":true,"href":"https:\/\/eterle.cz\/eshop\/wp-json\/wp\/v2\/product_cat?post=24006"},{"taxonomy":"product_tag","embeddable":true,"href":"https:\/\/eterle.cz\/eshop\/wp-json\/wp\/v2\/product_tag?post=24006"}],"curies":[{"name":"wp","href":"https:\/\/api.w.org\/{rel}","templated":true}]}}