{"id":24016,"date":"2025-02-11T19:16:47","date_gmt":"2025-02-11T18:16:47","guid":{"rendered":"https:\/\/eterle.cz\/eshop\/produkt\/klubovy-talir-suisse-langenthal\/"},"modified":"2025-06-24T01:57:26","modified_gmt":"2025-06-23T23:57:26","slug":"klubovy-talir-suisse-langenthal","status":"publish","type":"product","link":"https:\/\/eterle.cz\/eshop\/produkt\/klubovy-talir-suisse-langenthal\/","title":{"rendered":"Klubov\u00fd tal\u00ed\u0159 \/ Suisse Langenthal"},"content":{"rendered":"<p>Klubov\u00fd porcel\u00e1nov\u00fd tal\u00ed\u0159 ze siln\u011bj\u0161\u00edho st\u0159epu s vintage vzorem p\u016fsob\u00ed dojmeme star\u00e9ho &#8222;o\u0161oupan\u00e9ho tal\u00ed\u0159e&#8220;. \u0158ada nese n\u00e1zev vintage a je vyrobena porcel\u00e1nkou G. Benedikt. Barva petrolejov\u00e1, je mo\u017eno m\u00fdt v my\u010dce i d\u00e1t do mikrovlnky.<\/p>\n<p>Stav: nov\u00fd<br \/>\nZna\u010dka: Suisse Langenthal, Benedikt<br \/>\nPr\u016fm\u011br tal\u00ed\u0159e: 30 cm<\/p>\n<p>&nbsp;<\/p>\n","protected":false},"excerpt":{"rendered":"<p>Klubov\u00fd porcel\u00e1nov\u00fd tal\u00ed\u0159 ze siln\u011bj\u0161\u00edho st\u0159epu s vintage vzorem p\u016fsob\u00ed dojmeme star\u00e9ho &#8222;o\u0161oupan\u00e9ho tal\u00ed\u0159e&#8220;. \u0158ada nese n\u00e1zev vintage a je<\/p>\n","protected":false},"featured_media":24017,"template":"","meta":[],"product_brand":[153],"product_cat":[76,109],"product_tag":[],"class_list":{"0":"post-24016","1":"product","2":"type-product","3":"status-publish","4":"has-post-thumbnail","6":"product_brand-eterle-cz","7":"product_cat-porcelan","8":"product_cat-talire","10":"first","11":"instock","12":"purchasable","13":"product-type-simple"},"_links":{"self":[{"href":"https:\/\/eterle.cz\/eshop\/wp-json\/wp\/v2\/product\/24016","targetHints":{"allow":["GET"]}}],"collection":[{"href":"https:\/\/eterle.cz\/eshop\/wp-json\/wp\/v2\/product"}],"about":[{"href":"https:\/\/eterle.cz\/eshop\/wp-json\/wp\/v2\/types\/product"}],"version-history":[{"count":1,"href":"https:\/\/eterle.cz\/eshop\/wp-json\/wp\/v2\/product\/24016\/revisions"}],"predecessor-version":[{"id":25257,"href":"https:\/\/eterle.cz\/eshop\/wp-json\/wp\/v2\/product\/24016\/revisions\/25257"}],"wp:featuredmedia":[{"embeddable":true,"href":"https:\/\/eterle.cz\/eshop\/wp-json\/wp\/v2\/media\/24017"}],"wp:attachment":[{"href":"https:\/\/eterle.cz\/eshop\/wp-json\/wp\/v2\/media?parent=24016"}],"wp:term":[{"taxonomy":"product_brand","embeddable":true,"href":"https:\/\/eterle.cz\/eshop\/wp-json\/wp\/v2\/product_brand?post=24016"},{"taxonomy":"product_cat","embeddable":true,"href":"https:\/\/eterle.cz\/eshop\/wp-json\/wp\/v2\/product_cat?post=24016"},{"taxonomy":"product_tag","embeddable":true,"href":"https:\/\/eterle.cz\/eshop\/wp-json\/wp\/v2\/product_tag?post=24016"}],"curies":[{"name":"wp","href":"https:\/\/api.w.org\/{rel}","templated":true}]}}