{"id":24031,"date":"2025-02-11T19:17:12","date_gmt":"2025-02-11T18:17:12","guid":{"rendered":"https:\/\/eterle.cz\/eshop\/produkt\/sada-6-melkych-taliru\/"},"modified":"2025-10-26T02:22:33","modified_gmt":"2025-10-26T00:22:33","slug":"sada-6-melkych-taliru","status":"publish","type":"product","link":"https:\/\/eterle.cz\/eshop\/produkt\/sada-6-melkych-taliru\/","title":{"rendered":"Sada 6 m\u011blk\u00fdch tal\u00ed\u0159\u016f"},"content":{"rendered":"<p>Sada 6 m\u011blk\u00fdch v\u011bt\u0161\u00edch tal\u00ed\u0159\u016f od \u010desk\u00e9 porcel\u00e1nky Thun (ale nezna\u010deno). Kombinace kobaltov\u011b modr\u00e9 a vanilkov\u00e9 p\u016fsob\u00ed velmi elegantn\u011b. Tato barevn\u00e1 kombinace je dopln\u011bna je\u0161t\u011b n\u011b\u017en\u00fdm b\u00edl\u00fdm dekorem na vanilkov\u00e9m lemu.<\/p>\n<p>Stav: nov\u00fd<br \/>\nZna\u010dka: Thun nezna\u010den\u00fd<br \/>\nPr\u016fm\u011br tal\u00ed\u0159e: 27 cm<\/p>\n<p>&nbsp;<\/p>\n","protected":false},"excerpt":{"rendered":"<p>Sada 6 m\u011blk\u00fdch v\u011bt\u0161\u00edch tal\u00ed\u0159\u016f od \u010desk\u00e9 porcel\u00e1nky Thun (ale nezna\u010deno). Kombinace kobaltov\u011b modr\u00e9 a vanilkov\u00e9 p\u016fsob\u00ed velmi elegantn\u011b. Tato<\/p>\n","protected":false},"featured_media":24032,"template":"","meta":[],"product_brand":[153],"product_cat":[76,109,111],"product_tag":[],"class_list":{"0":"post-24031","1":"product","2":"type-product","3":"status-publish","4":"has-post-thumbnail","6":"product_brand-eterle-cz","7":"product_cat-porcelan","8":"product_cat-talire","9":"product_cat-porcelanove-sady","11":"first","12":"instock","13":"purchasable","14":"product-type-simple"},"_links":{"self":[{"href":"https:\/\/eterle.cz\/eshop\/wp-json\/wp\/v2\/product\/24031","targetHints":{"allow":["GET"]}}],"collection":[{"href":"https:\/\/eterle.cz\/eshop\/wp-json\/wp\/v2\/product"}],"about":[{"href":"https:\/\/eterle.cz\/eshop\/wp-json\/wp\/v2\/types\/product"}],"version-history":[{"count":1,"href":"https:\/\/eterle.cz\/eshop\/wp-json\/wp\/v2\/product\/24031\/revisions"}],"predecessor-version":[{"id":25182,"href":"https:\/\/eterle.cz\/eshop\/wp-json\/wp\/v2\/product\/24031\/revisions\/25182"}],"wp:featuredmedia":[{"embeddable":true,"href":"https:\/\/eterle.cz\/eshop\/wp-json\/wp\/v2\/media\/24032"}],"wp:attachment":[{"href":"https:\/\/eterle.cz\/eshop\/wp-json\/wp\/v2\/media?parent=24031"}],"wp:term":[{"taxonomy":"product_brand","embeddable":true,"href":"https:\/\/eterle.cz\/eshop\/wp-json\/wp\/v2\/product_brand?post=24031"},{"taxonomy":"product_cat","embeddable":true,"href":"https:\/\/eterle.cz\/eshop\/wp-json\/wp\/v2\/product_cat?post=24031"},{"taxonomy":"product_tag","embeddable":true,"href":"https:\/\/eterle.cz\/eshop\/wp-json\/wp\/v2\/product_tag?post=24031"}],"curies":[{"name":"wp","href":"https:\/\/api.w.org\/{rel}","templated":true}]}}