{"id":24036,"date":"2025-02-11T19:17:20","date_gmt":"2025-02-11T18:17:20","guid":{"rendered":"https:\/\/eterle.cz\/eshop\/produkt\/sada-6-dezertnich-talirku-2\/"},"modified":"2025-10-26T02:22:32","modified_gmt":"2025-10-26T00:22:32","slug":"sada-6-dezertnich-talirku-2","status":"publish","type":"product","link":"https:\/\/eterle.cz\/eshop\/produkt\/sada-6-dezertnich-talirku-2\/","title":{"rendered":"Sada 6 dezertn\u00edch tal\u00ed\u0159k\u016f"},"content":{"rendered":"<p>Sada 6 dezertn\u00edch tal\u00ed\u0159\u016f od \u010desk\u00e9 porcel\u00e1nky Thun (ale nezna\u010deno). Kombinace kobaltov\u011b modr\u00e9 a vanilkov\u00e9 p\u016fsob\u00ed velmi elegantn\u011b. Tato barevn\u00e1 kombinace je dopln\u011bna je\u0161t\u011b n\u011b\u017en\u00fdm b\u00edl\u00fdm dekorem na vanilkov\u00e9m lemu.<\/p>\n<p>Stav: nov\u00fd<br \/>\nZna\u010dka: Thun nezna\u010den\u00fd<br \/>\nPr\u016fm\u011br tal\u00ed\u0159e: 20 cm<\/p>\n<p>&nbsp;<\/p>\n","protected":false},"excerpt":{"rendered":"<p>Sada 6 dezertn\u00edch tal\u00ed\u0159\u016f od \u010desk\u00e9 porcel\u00e1nky Thun (ale nezna\u010deno). Kombinace kobaltov\u011b modr\u00e9 a vanilkov\u00e9 p\u016fsob\u00ed velmi elegantn\u011b. Tato barevn\u00e1<\/p>\n","protected":false},"featured_media":24037,"template":"","meta":[],"product_brand":[153],"product_cat":[76,109,111],"product_tag":[],"class_list":{"0":"post-24036","1":"product","2":"type-product","3":"status-publish","4":"has-post-thumbnail","6":"product_brand-eterle-cz","7":"product_cat-porcelan","8":"product_cat-talire","9":"product_cat-porcelanove-sady","11":"first","12":"instock","13":"purchasable","14":"product-type-simple"},"_links":{"self":[{"href":"https:\/\/eterle.cz\/eshop\/wp-json\/wp\/v2\/product\/24036","targetHints":{"allow":["GET"]}}],"collection":[{"href":"https:\/\/eterle.cz\/eshop\/wp-json\/wp\/v2\/product"}],"about":[{"href":"https:\/\/eterle.cz\/eshop\/wp-json\/wp\/v2\/types\/product"}],"version-history":[{"count":1,"href":"https:\/\/eterle.cz\/eshop\/wp-json\/wp\/v2\/product\/24036\/revisions"}],"predecessor-version":[{"id":25181,"href":"https:\/\/eterle.cz\/eshop\/wp-json\/wp\/v2\/product\/24036\/revisions\/25181"}],"wp:featuredmedia":[{"embeddable":true,"href":"https:\/\/eterle.cz\/eshop\/wp-json\/wp\/v2\/media\/24037"}],"wp:attachment":[{"href":"https:\/\/eterle.cz\/eshop\/wp-json\/wp\/v2\/media?parent=24036"}],"wp:term":[{"taxonomy":"product_brand","embeddable":true,"href":"https:\/\/eterle.cz\/eshop\/wp-json\/wp\/v2\/product_brand?post=24036"},{"taxonomy":"product_cat","embeddable":true,"href":"https:\/\/eterle.cz\/eshop\/wp-json\/wp\/v2\/product_cat?post=24036"},{"taxonomy":"product_tag","embeddable":true,"href":"https:\/\/eterle.cz\/eshop\/wp-json\/wp\/v2\/product_tag?post=24036"}],"curies":[{"name":"wp","href":"https:\/\/api.w.org\/{rel}","templated":true}]}}