{"id":24047,"date":"2025-02-11T19:17:44","date_gmt":"2025-02-11T18:17:44","guid":{"rendered":"https:\/\/eterle.cz\/eshop\/produkt\/sapo-wedgwood-2\/"},"modified":"2025-10-19T14:34:46","modified_gmt":"2025-10-19T12:34:46","slug":"sapo-wedgwood-2","status":"publish","type":"product","link":"https:\/\/eterle.cz\/eshop\/produkt\/sapo-wedgwood-2\/","title":{"rendered":"\u0160ap\u00f3 \/Wedgwood"},"content":{"rendered":"<p>Dezertn\u00ed tal\u00ed\u0159ek od exkluzivn\u00ed zna\u010dky Wedgwood z \u0159ady &#8222;Woodland&#8220; s motivem anglick\u00e9ho venkova (ze stejn\u00e9 \u0159ady m\u00e1me i dal\u0161\u00ed porcel\u00e1n). Pou\u017eity jsou velmi odoln\u00e9 barvy a malba je pod glazurou. Josiah Wedgwood poprv\u00e9 p\u0159edstavil svou kr\u00e9mov\u011b zbarvenou keramiku v 60. letech 18. stolet\u00ed. Kr\u00e1lovn\u011b Charlotte daroval \u010dajov\u00fd servis v tomto nov\u00e9m proveden\u00ed a ona si ho zamilovala natolik, \u017ee ho po\u017e\u00e1dala, aby jej nazval &#8222;Queen\u2019s Ware&#8220;. Toto ozna\u010den\u00ed se pou\u017e\u00edv\u00e1 dodnes.<\/p>\n<p>Stav: nov\u00fd<br \/>\nZna\u010dka: Wedgwood<br \/>\nRozm\u011br<br \/>\nObjem hrne\u010dku:180 ml<br \/>\nPr\u016fm\u011br pod\u0161\u00e1lku: 14,5 cm<\/p>\n<p>&nbsp;<\/p>\n","protected":false},"excerpt":{"rendered":"<p>Dezertn\u00ed tal\u00ed\u0159ek od exkluzivn\u00ed zna\u010dky Wedgwood z \u0159ady &#8222;Woodland&#8220; s motivem anglick\u00e9ho venkova (ze stejn\u00e9 \u0159ady m\u00e1me i dal\u0161\u00ed porcel\u00e1n).<\/p>\n","protected":false},"featured_media":24048,"template":"","meta":[],"product_brand":[153],"product_cat":[76,120],"product_tag":[],"class_list":{"0":"post-24047","1":"product","2":"type-product","3":"status-publish","4":"has-post-thumbnail","6":"product_brand-eterle-cz","7":"product_cat-porcelan","8":"product_cat-hrnecky","10":"first","11":"instock","12":"purchasable","13":"product-type-simple"},"_links":{"self":[{"href":"https:\/\/eterle.cz\/eshop\/wp-json\/wp\/v2\/product\/24047","targetHints":{"allow":["GET"]}}],"collection":[{"href":"https:\/\/eterle.cz\/eshop\/wp-json\/wp\/v2\/product"}],"about":[{"href":"https:\/\/eterle.cz\/eshop\/wp-json\/wp\/v2\/types\/product"}],"version-history":[{"count":1,"href":"https:\/\/eterle.cz\/eshop\/wp-json\/wp\/v2\/product\/24047\/revisions"}],"predecessor-version":[{"id":25178,"href":"https:\/\/eterle.cz\/eshop\/wp-json\/wp\/v2\/product\/24047\/revisions\/25178"}],"wp:featuredmedia":[{"embeddable":true,"href":"https:\/\/eterle.cz\/eshop\/wp-json\/wp\/v2\/media\/24048"}],"wp:attachment":[{"href":"https:\/\/eterle.cz\/eshop\/wp-json\/wp\/v2\/media?parent=24047"}],"wp:term":[{"taxonomy":"product_brand","embeddable":true,"href":"https:\/\/eterle.cz\/eshop\/wp-json\/wp\/v2\/product_brand?post=24047"},{"taxonomy":"product_cat","embeddable":true,"href":"https:\/\/eterle.cz\/eshop\/wp-json\/wp\/v2\/product_cat?post=24047"},{"taxonomy":"product_tag","embeddable":true,"href":"https:\/\/eterle.cz\/eshop\/wp-json\/wp\/v2\/product_tag?post=24047"}],"curies":[{"name":"wp","href":"https:\/\/api.w.org\/{rel}","templated":true}]}}