{"id":24096,"date":"2025-02-11T19:19:07","date_gmt":"2025-02-11T18:19:07","guid":{"rendered":"https:\/\/eterle.cz\/eshop\/produkt\/stojan-na-casopisy\/"},"modified":"2025-03-06T21:33:51","modified_gmt":"2025-03-06T20:33:51","slug":"stojan-na-casopisy","status":"publish","type":"product","link":"https:\/\/eterle.cz\/eshop\/produkt\/stojan-na-casopisy\/","title":{"rendered":"Stojan na \u010dasopisy"},"content":{"rendered":"<p>Chromov\u00fd stojan na \u010dasopisy je nejen designov\u00fdm al ei praktick\u00fdm dopl\u0148kem k va\u0161\u00ed seda\u010dce \u010di k\u0159eslu.<\/p>\n<p>Stav: vy\u010di\u0161t\u011bn, ale nese zn\u00e1mky po korozi (viz foto)<br \/>\nRozm\u011br<br \/>\nV\u00fd\u0161ka: 34 cm<br \/>\nHloubka: 26 cm<br \/>\n\u0160\u00ed\u0159ka: 47,5 cm<\/p>\n<p>&nbsp;<\/p>\n","protected":false},"excerpt":{"rendered":"<p>Chromov\u00fd stojan na \u010dasopisy je nejen designov\u00fdm al ei praktick\u00fdm dopl\u0148kem k va\u0161\u00ed seda\u010dce \u010di k\u0159eslu. Stav: vy\u010di\u0161t\u011bn, ale nese<\/p>\n","protected":false},"featured_media":24097,"template":"","meta":[],"product_brand":[153],"product_cat":[91],"product_tag":[],"class_list":{"0":"post-24096","1":"product","2":"type-product","3":"status-publish","4":"has-post-thumbnail","6":"product_brand-eterle-cz","7":"product_cat-prodane","8":"product_shipping_class-nadrozmerne","10":"first","11":"outofstock","12":"purchasable","13":"product-type-simple"},"_links":{"self":[{"href":"https:\/\/eterle.cz\/eshop\/wp-json\/wp\/v2\/product\/24096","targetHints":{"allow":["GET"]}}],"collection":[{"href":"https:\/\/eterle.cz\/eshop\/wp-json\/wp\/v2\/product"}],"about":[{"href":"https:\/\/eterle.cz\/eshop\/wp-json\/wp\/v2\/types\/product"}],"version-history":[{"count":0,"href":"https:\/\/eterle.cz\/eshop\/wp-json\/wp\/v2\/product\/24096\/revisions"}],"wp:featuredmedia":[{"embeddable":true,"href":"https:\/\/eterle.cz\/eshop\/wp-json\/wp\/v2\/media\/24097"}],"wp:attachment":[{"href":"https:\/\/eterle.cz\/eshop\/wp-json\/wp\/v2\/media?parent=24096"}],"wp:term":[{"taxonomy":"product_brand","embeddable":true,"href":"https:\/\/eterle.cz\/eshop\/wp-json\/wp\/v2\/product_brand?post=24096"},{"taxonomy":"product_cat","embeddable":true,"href":"https:\/\/eterle.cz\/eshop\/wp-json\/wp\/v2\/product_cat?post=24096"},{"taxonomy":"product_tag","embeddable":true,"href":"https:\/\/eterle.cz\/eshop\/wp-json\/wp\/v2\/product_tag?post=24096"}],"curies":[{"name":"wp","href":"https:\/\/api.w.org\/{rel}","templated":true}]}}