{"id":24118,"date":"2025-02-11T19:19:48","date_gmt":"2025-02-11T18:19:48","guid":{"rendered":"https:\/\/eterle.cz\/eshop\/produkt\/medena-nadoba-mensi\/"},"modified":"2025-02-16T02:41:24","modified_gmt":"2025-02-16T01:41:24","slug":"medena-nadoba-mensi","status":"publish","type":"product","link":"https:\/\/eterle.cz\/eshop\/produkt\/medena-nadoba-mensi\/","title":{"rendered":"M\u011bd\u011bn\u00e1 n\u00e1doba (men\u0161\u00ed)"},"content":{"rendered":"<p>M\u011bd\u011bn\u00fd \u0161kopek \u010dasto pou\u017e\u00edvan\u00fd ve francouzsk\u00fdch a italsk\u00fdch designov\u00fdch kuchyn\u00edch. Lze jej pou\u017e\u00edt jako dekoraci nebo jako n\u00e1dobu na kv\u011btiny.<\/p>\n<p>Stav: dobr\u00fd, m\u011bd vy\u010di\u0161t\u011bna, m\u00edsty nerovn\u00fd povrch<br \/>\nRozm\u011br<br \/>\nV\u00fd\u0161ka: 14,5 cm<br \/>\nPr\u016fm\u011br: 39 cm<\/p>\n<p>&nbsp;<\/p>\n","protected":false},"excerpt":{"rendered":"<p>M\u011bd\u011bn\u00fd \u0161kopek \u010dasto pou\u017e\u00edvan\u00fd ve francouzsk\u00fdch a italsk\u00fdch designov\u00fdch kuchyn\u00edch. Lze jej pou\u017e\u00edt jako dekoraci nebo jako n\u00e1dobu na kv\u011btiny.<\/p>\n","protected":false},"featured_media":24119,"template":"","meta":[],"product_brand":[153],"product_cat":[91],"product_tag":[],"class_list":{"0":"post-24118","1":"product","2":"type-product","3":"status-publish","4":"has-post-thumbnail","6":"product_brand-eterle-cz","7":"product_cat-prodane","9":"first","10":"outofstock","11":"purchasable","12":"product-type-simple"},"_links":{"self":[{"href":"https:\/\/eterle.cz\/eshop\/wp-json\/wp\/v2\/product\/24118","targetHints":{"allow":["GET"]}}],"collection":[{"href":"https:\/\/eterle.cz\/eshop\/wp-json\/wp\/v2\/product"}],"about":[{"href":"https:\/\/eterle.cz\/eshop\/wp-json\/wp\/v2\/types\/product"}],"version-history":[{"count":0,"href":"https:\/\/eterle.cz\/eshop\/wp-json\/wp\/v2\/product\/24118\/revisions"}],"wp:featuredmedia":[{"embeddable":true,"href":"https:\/\/eterle.cz\/eshop\/wp-json\/wp\/v2\/media\/24119"}],"wp:attachment":[{"href":"https:\/\/eterle.cz\/eshop\/wp-json\/wp\/v2\/media?parent=24118"}],"wp:term":[{"taxonomy":"product_brand","embeddable":true,"href":"https:\/\/eterle.cz\/eshop\/wp-json\/wp\/v2\/product_brand?post=24118"},{"taxonomy":"product_cat","embeddable":true,"href":"https:\/\/eterle.cz\/eshop\/wp-json\/wp\/v2\/product_cat?post=24118"},{"taxonomy":"product_tag","embeddable":true,"href":"https:\/\/eterle.cz\/eshop\/wp-json\/wp\/v2\/product_tag?post=24118"}],"curies":[{"name":"wp","href":"https:\/\/api.w.org\/{rel}","templated":true}]}}