{"id":24129,"date":"2025-02-11T19:20:06","date_gmt":"2025-02-11T18:20:06","guid":{"rendered":"https:\/\/eterle.cz\/eshop\/produkt\/sklenicka-na-sampanske-rosenthal\/"},"modified":"2026-03-17T22:29:36","modified_gmt":"2026-03-17T21:29:36","slug":"sklenicka-na-sampanske-rosenthal","status":"publish","type":"product","link":"https:\/\/eterle.cz\/eshop\/produkt\/sklenicka-na-sampanske-rosenthal\/","title":{"rendered":"Skleni\u010dka na \u0161ampa\u0148sk\u00e9 \/ Rosenthal"},"content":{"rendered":"<p>Skleni\u010dka na \u0161ampa\u0148sk\u00e9 od zna\u010dky Rosenthal z kolekce Maria, kter\u00e1 je nejv\u00fdznamn\u011bj\u0161\u00ed a nejproslulej\u0161\u00ed \u0159adou Rosenthal. Vytvo\u0159il ji s\u00e1m zakladatel Phillip Rosenthal a pojmenoval po sv\u00e9 druh\u00e9 \u017een\u011b, kterou pr\u00fd velmi zbo\u017e\u0148oval. Z\u00e1kladem t\u00e9to fenomen\u00e1ln\u00ed a nad\u010dasov\u00e9 klasiky je tedy velk\u00fd milostn\u00fd p\u0159\u00edb\u011bh.<\/p>\n<p>Inspirac\u00ed mu byl st\u0159\u00edbrn\u00fd \u010dajov\u00fd servis z po\u010d\u00e1tku 19. stolet\u00ed, kter\u00fd z\u00edskal jeho otec v Anglii. Elegantn\u00ed mnoho\u00faheln\u00edkov\u00fd tvar m\u00e1 v\u00fdrazn\u00fd okraj s jemn\u00fdm reli\u00e9fem, kter\u00fd p\u0159ipom\u00edn\u00e1 ovocnou girlandu. V kolekci se m\u00eds\u00ed klasicistn\u00ed a emp\u00edrov\u00e9 prvky, odraz bur\u017eoazn\u00edho stylu s n\u00e1dechem romantiky.<\/p>\n<p>Stav: velmi dobr\u00fd<br \/>\nZna\u010dka: Rosenthal<br \/>\nRozm\u011br<br \/>\nV\u00fd\u0161ka: 15 cm<br \/>\nObjem: 120 ml<\/p>\n<p>&nbsp;<\/p>\n","protected":false},"excerpt":{"rendered":"<p>Skleni\u010dka na \u0161ampa\u0148sk\u00e9 od zna\u010dky Rosenthal z kolekce Maria, kter\u00e1 je nejv\u00fdznamn\u011bj\u0161\u00ed a nejproslulej\u0161\u00ed \u0159adou Rosenthal. Vytvo\u0159il ji s\u00e1m zakladatel<\/p>\n","protected":false},"featured_media":24130,"template":"","meta":[],"product_brand":[153],"product_cat":[91],"product_tag":[],"class_list":{"0":"post-24129","1":"product","2":"type-product","3":"status-publish","4":"has-post-thumbnail","6":"product_brand-eterle-cz","7":"product_cat-prodane","9":"first","10":"outofstock","11":"purchasable","12":"product-type-simple"},"_links":{"self":[{"href":"https:\/\/eterle.cz\/eshop\/wp-json\/wp\/v2\/product\/24129","targetHints":{"allow":["GET"]}}],"collection":[{"href":"https:\/\/eterle.cz\/eshop\/wp-json\/wp\/v2\/product"}],"about":[{"href":"https:\/\/eterle.cz\/eshop\/wp-json\/wp\/v2\/types\/product"}],"version-history":[{"count":1,"href":"https:\/\/eterle.cz\/eshop\/wp-json\/wp\/v2\/product\/24129\/revisions"}],"predecessor-version":[{"id":25168,"href":"https:\/\/eterle.cz\/eshop\/wp-json\/wp\/v2\/product\/24129\/revisions\/25168"}],"wp:featuredmedia":[{"embeddable":true,"href":"https:\/\/eterle.cz\/eshop\/wp-json\/wp\/v2\/media\/24130"}],"wp:attachment":[{"href":"https:\/\/eterle.cz\/eshop\/wp-json\/wp\/v2\/media?parent=24129"}],"wp:term":[{"taxonomy":"product_brand","embeddable":true,"href":"https:\/\/eterle.cz\/eshop\/wp-json\/wp\/v2\/product_brand?post=24129"},{"taxonomy":"product_cat","embeddable":true,"href":"https:\/\/eterle.cz\/eshop\/wp-json\/wp\/v2\/product_cat?post=24129"},{"taxonomy":"product_tag","embeddable":true,"href":"https:\/\/eterle.cz\/eshop\/wp-json\/wp\/v2\/product_tag?post=24129"}],"curies":[{"name":"wp","href":"https:\/\/api.w.org\/{rel}","templated":true}]}}