{"id":24157,"date":"2025-02-11T19:20:56","date_gmt":"2025-02-11T18:20:56","guid":{"rendered":"https:\/\/eterle.cz\/eshop\/produkt\/stojaci-lampa-kamenicky-senov-2\/"},"modified":"2025-06-24T01:57:23","modified_gmt":"2025-06-23T23:57:23","slug":"stojaci-lampa-kamenicky-senov-2","status":"publish","type":"product","link":"https:\/\/eterle.cz\/eshop\/produkt\/stojaci-lampa-kamenicky-senov-2\/","title":{"rendered":"Stojac\u00ed lampa \/ Kamenick\u00fd \u0160enov"},"content":{"rendered":"<p>Zaj\u00edmav\u00e1 stojac\u00ed lampa z d\u00edlny Kamenick\u00fd \u0160enov z druh\u00e9 poloviny minul\u00e9ho stolet\u00ed p\u016fsob\u00ed velmi modern\u00edm dojmem.<\/p>\n<p>Stav: velmi dobr\u00fd, p\u016fvodn\u00ed funk\u010dn\u00ed<br \/>\nZna\u010dka: Kamenick\u00fd \u0160enov<br \/>\nRozm\u011br<br \/>\nV\u00fd\u0161ka: 130 cm<br \/>\nPr\u016fm\u011br lampy: 40 cm<\/p>\n<p>&nbsp;<\/p>\n","protected":false},"excerpt":{"rendered":"<p>Zaj\u00edmav\u00e1 stojac\u00ed lampa z d\u00edlny Kamenick\u00fd \u0160enov z druh\u00e9 poloviny minul\u00e9ho stolet\u00ed p\u016fsob\u00ed velmi modern\u00edm dojmem. Stav: velmi dobr\u00fd, p\u016fvodn\u00ed<\/p>\n","protected":false},"featured_media":24158,"template":"","meta":[],"product_brand":[153],"product_cat":[79,142],"product_tag":[],"class_list":{"0":"post-24157","1":"product","2":"type-product","3":"status-publish","4":"has-post-thumbnail","6":"product_brand-eterle-cz","7":"product_cat-svetla","8":"product_cat-stojaci-lampy","9":"product_shipping_class-nadrozmerne","11":"first","12":"instock","13":"purchasable","14":"product-type-simple"},"_links":{"self":[{"href":"https:\/\/eterle.cz\/eshop\/wp-json\/wp\/v2\/product\/24157","targetHints":{"allow":["GET"]}}],"collection":[{"href":"https:\/\/eterle.cz\/eshop\/wp-json\/wp\/v2\/product"}],"about":[{"href":"https:\/\/eterle.cz\/eshop\/wp-json\/wp\/v2\/types\/product"}],"version-history":[{"count":1,"href":"https:\/\/eterle.cz\/eshop\/wp-json\/wp\/v2\/product\/24157\/revisions"}],"predecessor-version":[{"id":25165,"href":"https:\/\/eterle.cz\/eshop\/wp-json\/wp\/v2\/product\/24157\/revisions\/25165"}],"wp:featuredmedia":[{"embeddable":true,"href":"https:\/\/eterle.cz\/eshop\/wp-json\/wp\/v2\/media\/24158"}],"wp:attachment":[{"href":"https:\/\/eterle.cz\/eshop\/wp-json\/wp\/v2\/media?parent=24157"}],"wp:term":[{"taxonomy":"product_brand","embeddable":true,"href":"https:\/\/eterle.cz\/eshop\/wp-json\/wp\/v2\/product_brand?post=24157"},{"taxonomy":"product_cat","embeddable":true,"href":"https:\/\/eterle.cz\/eshop\/wp-json\/wp\/v2\/product_cat?post=24157"},{"taxonomy":"product_tag","embeddable":true,"href":"https:\/\/eterle.cz\/eshop\/wp-json\/wp\/v2\/product_tag?post=24157"}],"curies":[{"name":"wp","href":"https:\/\/api.w.org\/{rel}","templated":true}]}}