{"id":24596,"date":"2025-05-28T11:39:43","date_gmt":"2025-05-28T09:39:43","guid":{"rendered":"https:\/\/eterle.cz\/eshop\/produkt\/taburet-9\/"},"modified":"2025-07-12T21:14:55","modified_gmt":"2025-07-12T19:14:55","slug":"taburet-9","status":"publish","type":"product","link":"https:\/\/eterle.cz\/eshop\/produkt\/taburet-9\/","title":{"rendered":"Taburet"},"content":{"rendered":"<p>Jeden z nej\u017e\u00e1dan\u011bj\u0161\u00edch kousk\u016f n\u00e1bytku je taburet, nebo\u0165 sv\u00fdm rozm\u011brem zapadne i do men\u0161\u00edho prostoru a kr\u00e1sn\u011b jej dopln\u00ed. Tento poch\u00e1z\u00ed z 60. let minul\u00e9ho stolet\u00ed.<\/p>\n<p>Stav: po kompletn\u00ed renovaci<br \/>\nRozm\u011br<br \/>\nV\u00fd\u0161ka: 48 cm<br \/>\n\u0160\u00ed\u0159ka: 39 cm<br \/>\nHloubka: 32 cm<\/p>\n<p>&nbsp;<\/p>\n","protected":false},"excerpt":{"rendered":"<p>Jeden z nej\u017e\u00e1dan\u011bj\u0161\u00edch kousk\u016f n\u00e1bytku je taburet, nebo\u0165 sv\u00fdm rozm\u011brem zapadne i do men\u0161\u00edho prostoru a kr\u00e1sn\u011b jej dopln\u00ed. Tento<\/p>\n","protected":false},"featured_media":24598,"template":"","meta":[],"product_brand":[],"product_cat":[130,122],"product_tag":[],"class_list":{"0":"post-24596","1":"product","2":"type-product","3":"status-publish","4":"has-post-thumbnail","6":"product_cat-nabytek","7":"product_cat-kresla-a-taburety","8":"product_shipping_class-nadrozmerne","10":"first","11":"instock","12":"purchasable","13":"product-type-simple"},"_links":{"self":[{"href":"https:\/\/eterle.cz\/eshop\/wp-json\/wp\/v2\/product\/24596","targetHints":{"allow":["GET"]}}],"collection":[{"href":"https:\/\/eterle.cz\/eshop\/wp-json\/wp\/v2\/product"}],"about":[{"href":"https:\/\/eterle.cz\/eshop\/wp-json\/wp\/v2\/types\/product"}],"version-history":[{"count":1,"href":"https:\/\/eterle.cz\/eshop\/wp-json\/wp\/v2\/product\/24596\/revisions"}],"predecessor-version":[{"id":24597,"href":"https:\/\/eterle.cz\/eshop\/wp-json\/wp\/v2\/product\/24596\/revisions\/24597"}],"wp:featuredmedia":[{"embeddable":true,"href":"https:\/\/eterle.cz\/eshop\/wp-json\/wp\/v2\/media\/24598"}],"wp:attachment":[{"href":"https:\/\/eterle.cz\/eshop\/wp-json\/wp\/v2\/media?parent=24596"}],"wp:term":[{"taxonomy":"product_brand","embeddable":true,"href":"https:\/\/eterle.cz\/eshop\/wp-json\/wp\/v2\/product_brand?post=24596"},{"taxonomy":"product_cat","embeddable":true,"href":"https:\/\/eterle.cz\/eshop\/wp-json\/wp\/v2\/product_cat?post=24596"},{"taxonomy":"product_tag","embeddable":true,"href":"https:\/\/eterle.cz\/eshop\/wp-json\/wp\/v2\/product_tag?post=24596"}],"curies":[{"name":"wp","href":"https:\/\/api.w.org\/{rel}","templated":true}]}}