{"id":24603,"date":"2025-05-28T11:39:47","date_gmt":"2025-05-28T09:39:47","guid":{"rendered":"https:\/\/eterle.cz\/eshop\/produkt\/konferencni-stolek-art-deco-halabala\/"},"modified":"2025-07-30T23:11:30","modified_gmt":"2025-07-30T21:11:30","slug":"konferencni-stolek-art-deco-halabala","status":"publish","type":"product","link":"https:\/\/eterle.cz\/eshop\/produkt\/konferencni-stolek-art-deco-halabala\/","title":{"rendered":"Konferen\u010dn\u00ed stolek Art deco \/ Halabala"},"content":{"rendered":"<p>Elegantn\u00ed p\u0159\u00edru\u010dn\u00ed stolek s typickou oh\u00fdbanou podno\u017e\u00ed, vyroben\u00fd pravd\u011bpodobn\u011b v obdob\u00ed \u010deskoslovensk\u00e9ho Art deca. Tmav\u011b mo\u0159en\u00e9 d\u0159evo, \u010dist\u00e1 linie a zaoblen\u00e9 hrany odkazuj\u00ed na ikonick\u00e9 n\u00e1vrhy Jind\u0159icha Halabaly pro UP Z\u00e1vody Brno z 30.- 40. let minul\u00e9ho stolet\u00ed. <\/p>\n<p>D\u00edky sv\u00fdm rozm\u011br\u016fm a tvaru se skv\u011ble hod\u00ed jako konferen\u010db\u00ed stolek k pohovce, odkl\u00e1dac\u00ed stolek na knihu ke k\u0159eslu nebo v\u00fdrazn\u00fd solit\u00e9r interi\u00e9ru.<\/p>\n<p>Stav: zachoval\u00fd p\u016fvodn\u00ed<br \/>\nZna\u010dka: pravd\u011bpodobn\u011b Jind\u0159ich Halabala<br \/>\nRozm\u011br<br \/>\nV\u00fd\u0161ka: 65 cm<br \/>\nPr\u016fm\u011br: 70 cm<\/p>\n<p>&nbsp;<\/p>\n","protected":false},"excerpt":{"rendered":"<p>Elegantn\u00ed p\u0159\u00edru\u010dn\u00ed stolek s typickou oh\u00fdbanou podno\u017e\u00ed, vyroben\u00fd pravd\u011bpodobn\u011b v obdob\u00ed \u010deskoslovensk\u00e9ho Art deca. Tmav\u011b mo\u0159en\u00e9 d\u0159evo, \u010dist\u00e1 linie a<\/p>\n","protected":false},"featured_media":24605,"template":"","meta":[],"product_brand":[],"product_cat":[91],"product_tag":[],"class_list":{"0":"post-24603","1":"product","2":"type-product","3":"status-publish","4":"has-post-thumbnail","6":"product_cat-prodane","7":"product_shipping_class-nadrozmerne","9":"first","10":"outofstock","11":"purchasable","12":"product-type-simple"},"_links":{"self":[{"href":"https:\/\/eterle.cz\/eshop\/wp-json\/wp\/v2\/product\/24603","targetHints":{"allow":["GET"]}}],"collection":[{"href":"https:\/\/eterle.cz\/eshop\/wp-json\/wp\/v2\/product"}],"about":[{"href":"https:\/\/eterle.cz\/eshop\/wp-json\/wp\/v2\/types\/product"}],"version-history":[{"count":1,"href":"https:\/\/eterle.cz\/eshop\/wp-json\/wp\/v2\/product\/24603\/revisions"}],"predecessor-version":[{"id":24604,"href":"https:\/\/eterle.cz\/eshop\/wp-json\/wp\/v2\/product\/24603\/revisions\/24604"}],"wp:featuredmedia":[{"embeddable":true,"href":"https:\/\/eterle.cz\/eshop\/wp-json\/wp\/v2\/media\/24605"}],"wp:attachment":[{"href":"https:\/\/eterle.cz\/eshop\/wp-json\/wp\/v2\/media?parent=24603"}],"wp:term":[{"taxonomy":"product_brand","embeddable":true,"href":"https:\/\/eterle.cz\/eshop\/wp-json\/wp\/v2\/product_brand?post=24603"},{"taxonomy":"product_cat","embeddable":true,"href":"https:\/\/eterle.cz\/eshop\/wp-json\/wp\/v2\/product_cat?post=24603"},{"taxonomy":"product_tag","embeddable":true,"href":"https:\/\/eterle.cz\/eshop\/wp-json\/wp\/v2\/product_tag?post=24603"}],"curies":[{"name":"wp","href":"https:\/\/api.w.org\/{rel}","templated":true}]}}