{"id":24621,"date":"2025-05-28T11:39:58","date_gmt":"2025-05-28T09:39:58","guid":{"rendered":"https:\/\/eterle.cz\/eshop\/produkt\/zidle-ala-windsor\/"},"modified":"2026-03-17T11:52:41","modified_gmt":"2026-03-17T10:52:41","slug":"zidle-ala-windsor","status":"publish","type":"product","link":"https:\/\/eterle.cz\/eshop\/produkt\/zidle-ala-windsor\/","title":{"rendered":"\u017didle ala Windsor"},"content":{"rendered":"<p>Tradi\u010dn\u00ed d\u0159ev\u011bn\u00e1 \u017eidle s podru\u010dkami vyrobena z masivn\u00edho dubu, s kr\u00e1sn\u011b patinovan\u00fdm povrchem a \u0159emesln\u00fdm detailem. Tvar i proporce p\u0159ipom\u00ednaj\u00ed model Windsor z katalog\u016f Thonet z p\u0159elomu 19. a 20. stolet\u00ed.<\/p>\n<p>Vhodn\u00e1 k j\u00eddeln\u00edmu stolu, jako solit\u00e9r do pracovn\u00edho kouta nebo stylov\u00e1 \u017eidle do kav\u00e1rny.<\/p>\n<p>Stav: p\u016fvodn\u00ed stav s patinou<br \/>\nRozm\u011br<br \/>\nV\u00fd\u0161ka: 77 cm<br \/>\nV\u00fd\u0161ka sed\u00e1ku: 46 cm<br \/>\n\u0160\u00ed\u0159ka: 55 cm<br \/>\nHloubka: 51 cm<\/p>\n<p>&nbsp;<\/p>\n","protected":false},"excerpt":{"rendered":"<p>Tradi\u010dn\u00ed d\u0159ev\u011bn\u00e1 \u017eidle s podru\u010dkami vyrobena z masivn\u00edho dubu, s kr\u00e1sn\u011b patinovan\u00fdm povrchem a \u0159emesln\u00fdm detailem. Tvar i proporce p\u0159ipom\u00ednaj\u00ed<\/p>\n","protected":false},"featured_media":24623,"template":"","meta":[],"product_brand":[],"product_cat":[130,121,122],"product_tag":[],"class_list":{"0":"post-24621","1":"product","2":"type-product","3":"status-publish","4":"has-post-thumbnail","6":"product_cat-nabytek","7":"product_cat-zidle","8":"product_cat-kresla-a-taburety","9":"product_shipping_class-nadrozmerne","11":"first","12":"instock","13":"purchasable","14":"product-type-simple"},"_links":{"self":[{"href":"https:\/\/eterle.cz\/eshop\/wp-json\/wp\/v2\/product\/24621","targetHints":{"allow":["GET"]}}],"collection":[{"href":"https:\/\/eterle.cz\/eshop\/wp-json\/wp\/v2\/product"}],"about":[{"href":"https:\/\/eterle.cz\/eshop\/wp-json\/wp\/v2\/types\/product"}],"version-history":[{"count":1,"href":"https:\/\/eterle.cz\/eshop\/wp-json\/wp\/v2\/product\/24621\/revisions"}],"predecessor-version":[{"id":24622,"href":"https:\/\/eterle.cz\/eshop\/wp-json\/wp\/v2\/product\/24621\/revisions\/24622"}],"wp:featuredmedia":[{"embeddable":true,"href":"https:\/\/eterle.cz\/eshop\/wp-json\/wp\/v2\/media\/24623"}],"wp:attachment":[{"href":"https:\/\/eterle.cz\/eshop\/wp-json\/wp\/v2\/media?parent=24621"}],"wp:term":[{"taxonomy":"product_brand","embeddable":true,"href":"https:\/\/eterle.cz\/eshop\/wp-json\/wp\/v2\/product_brand?post=24621"},{"taxonomy":"product_cat","embeddable":true,"href":"https:\/\/eterle.cz\/eshop\/wp-json\/wp\/v2\/product_cat?post=24621"},{"taxonomy":"product_tag","embeddable":true,"href":"https:\/\/eterle.cz\/eshop\/wp-json\/wp\/v2\/product_tag?post=24621"}],"curies":[{"name":"wp","href":"https:\/\/api.w.org\/{rel}","templated":true}]}}