{"id":24642,"date":"2025-05-28T11:40:10","date_gmt":"2025-05-28T09:40:10","guid":{"rendered":"https:\/\/eterle.cz\/eshop\/produkt\/volne-stojici-police\/"},"modified":"2025-07-12T21:14:54","modified_gmt":"2025-07-12T19:14:54","slug":"volne-stojici-police","status":"publish","type":"product","link":"https:\/\/eterle.cz\/eshop\/produkt\/volne-stojici-police\/","title":{"rendered":"Voln\u011b stoj\u00edc\u00ed police"},"content":{"rendered":"<p>Voln\u011b stoj\u00edc\u00ed police s bohat\u011b soustru\u017een\u00fdmi sloupky, typick\u00e1 pro produkci firmy Thonet nebo jej\u00edch n\u00e1sledovn\u00edk\u016f v obdob\u00ed kolem roku 1900. Vynik\u00e1 jemnou \u0159emeslnou prac\u00ed, \u0161t\u00edhl\u00fdmi proporcemi a historickou patinou. D\u00edky sv\u00e9 lehk\u00e9 konstrukci a v\u00fd\u0161ce je ide\u00e1ln\u00ed na vystaven\u00ed drobnost\u00ed, porcel\u00e1nu nebo sb\u011bratelsk\u00fdch kousk\u016f.<\/p>\n<p>Stav: dobr\u00fd s patinuo. Na polic\u00edch jsou zn\u00e1mky st\u00e1\u0159\u00ed, m\u00edsty chyb\u00ed na polic\u00edch li\u0161ta viz foto<br \/>\nZna\u010dka:  mohlo by se jednat o Thonet, nen\u00ed v\u0161ak zan\u010deno<br \/>\nRozm\u011br<br \/>\nV\u00fd\u0161ka: 105 cm<br \/>\n\u0160\u00ed\u0159ka: 69 cm<br \/>\nHloubka: 35 cm<\/p>\n<p>&nbsp;<\/p>\n","protected":false},"excerpt":{"rendered":"<p>Voln\u011b stoj\u00edc\u00ed police s bohat\u011b soustru\u017een\u00fdmi sloupky, typick\u00e1 pro produkci firmy Thonet nebo jej\u00edch n\u00e1sledovn\u00edk\u016f v obdob\u00ed kolem roku 1900.<\/p>\n","protected":false},"featured_media":24644,"template":"","meta":[],"product_brand":[],"product_cat":[130,125],"product_tag":[],"class_list":{"0":"post-24642","1":"product","2":"type-product","3":"status-publish","4":"has-post-thumbnail","6":"product_cat-nabytek","7":"product_cat-komody-a-skrine","8":"product_shipping_class-nadrozmerne","10":"first","11":"instock","12":"purchasable","13":"product-type-simple"},"_links":{"self":[{"href":"https:\/\/eterle.cz\/eshop\/wp-json\/wp\/v2\/product\/24642","targetHints":{"allow":["GET"]}}],"collection":[{"href":"https:\/\/eterle.cz\/eshop\/wp-json\/wp\/v2\/product"}],"about":[{"href":"https:\/\/eterle.cz\/eshop\/wp-json\/wp\/v2\/types\/product"}],"version-history":[{"count":1,"href":"https:\/\/eterle.cz\/eshop\/wp-json\/wp\/v2\/product\/24642\/revisions"}],"predecessor-version":[{"id":24643,"href":"https:\/\/eterle.cz\/eshop\/wp-json\/wp\/v2\/product\/24642\/revisions\/24643"}],"wp:featuredmedia":[{"embeddable":true,"href":"https:\/\/eterle.cz\/eshop\/wp-json\/wp\/v2\/media\/24644"}],"wp:attachment":[{"href":"https:\/\/eterle.cz\/eshop\/wp-json\/wp\/v2\/media?parent=24642"}],"wp:term":[{"taxonomy":"product_brand","embeddable":true,"href":"https:\/\/eterle.cz\/eshop\/wp-json\/wp\/v2\/product_brand?post=24642"},{"taxonomy":"product_cat","embeddable":true,"href":"https:\/\/eterle.cz\/eshop\/wp-json\/wp\/v2\/product_cat?post=24642"},{"taxonomy":"product_tag","embeddable":true,"href":"https:\/\/eterle.cz\/eshop\/wp-json\/wp\/v2\/product_tag?post=24642"}],"curies":[{"name":"wp","href":"https:\/\/api.w.org\/{rel}","templated":true}]}}