{"id":24654,"date":"2025-05-28T11:40:17","date_gmt":"2025-05-28T09:40:17","guid":{"rendered":"https:\/\/eterle.cz\/eshop\/produkt\/kresilko-c-30-thonet\/"},"modified":"2025-06-12T23:15:04","modified_gmt":"2025-06-12T21:15:04","slug":"kresilko-c-30-thonet","status":"publish","type":"product","link":"https:\/\/eterle.cz\/eshop\/produkt\/kresilko-c-30-thonet\/","title":{"rendered":"K\u0159es\u00edlko \u010d. 30 \/ Thonet"},"content":{"rendered":"<p>Klasick\u00e1 \u017eidle z oh\u00fdban\u00e9ho d\u0159eva s podru\u010dkami od sv\u011btozn\u00e1m\u00e9 zna\u010dky Thonet, konkr\u00e9tn\u011b model \u010d. 30. Tento typ byl navr\u017een na p\u0159elomu 19. a 20. stolet\u00ed a stal se ikonou kancel\u00e1\u0159sk\u00e9ho i dom\u00e1c\u00edho sezen\u00ed sv\u00e9 doby. D\u00edky sv\u00e9 nad\u010dasov\u00e9 estetice je \u017eidle obl\u00edben\u00e1 dodnes, a\u0165 u\u017e jako pln\u011b funk\u010dn\u00ed kus, nebo v\u00fdrazn\u00fd solit\u00e9r do historick\u00fdch i modern\u00edch interi\u00e9r\u016f.<\/p>\n<p>Stav: dobr\u00fd s lehkou patinou (barva m\u00edsty lehce od\u0159ena)<br \/>\nZna\u010dka: Thonet<br \/>\nRozm\u011br<br \/>\nV\u00fd\u0161ka: 80 cm<br \/>\nV\u00fd\u0161ka sed\u00e1ku: 47 cm<br \/>\n\u0160\u00ed\u0159ka: 55 cm<br \/>\nHloubka: 57 cm<\/p>\n<p>&nbsp;<\/p>\n","protected":false},"excerpt":{"rendered":"<p>Klasick\u00e1 \u017eidle z oh\u00fdban\u00e9ho d\u0159eva s podru\u010dkami od sv\u011btozn\u00e1m\u00e9 zna\u010dky Thonet, konkr\u00e9tn\u011b model \u010d. 30. Tento typ byl navr\u017een na<\/p>\n","protected":false},"featured_media":24656,"template":"","meta":[],"product_brand":[],"product_cat":[91],"product_tag":[],"class_list":{"0":"post-24654","1":"product","2":"type-product","3":"status-publish","4":"has-post-thumbnail","6":"product_cat-prodane","7":"product_shipping_class-nadrozmerne","9":"first","10":"outofstock","11":"purchasable","12":"product-type-simple"},"_links":{"self":[{"href":"https:\/\/eterle.cz\/eshop\/wp-json\/wp\/v2\/product\/24654","targetHints":{"allow":["GET"]}}],"collection":[{"href":"https:\/\/eterle.cz\/eshop\/wp-json\/wp\/v2\/product"}],"about":[{"href":"https:\/\/eterle.cz\/eshop\/wp-json\/wp\/v2\/types\/product"}],"version-history":[{"count":1,"href":"https:\/\/eterle.cz\/eshop\/wp-json\/wp\/v2\/product\/24654\/revisions"}],"predecessor-version":[{"id":24655,"href":"https:\/\/eterle.cz\/eshop\/wp-json\/wp\/v2\/product\/24654\/revisions\/24655"}],"wp:featuredmedia":[{"embeddable":true,"href":"https:\/\/eterle.cz\/eshop\/wp-json\/wp\/v2\/media\/24656"}],"wp:attachment":[{"href":"https:\/\/eterle.cz\/eshop\/wp-json\/wp\/v2\/media?parent=24654"}],"wp:term":[{"taxonomy":"product_brand","embeddable":true,"href":"https:\/\/eterle.cz\/eshop\/wp-json\/wp\/v2\/product_brand?post=24654"},{"taxonomy":"product_cat","embeddable":true,"href":"https:\/\/eterle.cz\/eshop\/wp-json\/wp\/v2\/product_cat?post=24654"},{"taxonomy":"product_tag","embeddable":true,"href":"https:\/\/eterle.cz\/eshop\/wp-json\/wp\/v2\/product_tag?post=24654"}],"curies":[{"name":"wp","href":"https:\/\/api.w.org\/{rel}","templated":true}]}}