{"id":24675,"date":"2025-05-28T11:40:29","date_gmt":"2025-05-28T09:40:29","guid":{"rendered":"https:\/\/eterle.cz\/eshop\/produkt\/stul-pavouk-halabala-6\/"},"modified":"2025-11-03T13:40:51","modified_gmt":"2025-11-03T12:40:51","slug":"stul-pavouk-halabala-6","status":"publish","type":"product","link":"https:\/\/eterle.cz\/eshop\/produkt\/stul-pavouk-halabala-6\/","title":{"rendered":"St\u016fl &#8222;pavouk&#8220; \/ Halabala"},"content":{"rendered":"<p>Legend\u00e1rn\u00ed designov\u011b nad\u010dasov\u00fd stolek s ozna\u010den\u00edm H-259, kter\u00fd je zn\u00e1m\u00fd pod n\u00e1zvem pavouk navrhl v 50. letech 20. stolet\u00ed Jind\u0159icha Halabala pro \u00daP z\u00e1vody.<\/p>\n<p>Stav: po renovaci<br \/>\nZna\u010dka: Jind\u0159ich Halabala<br \/>\nRozm\u011br<br \/>\nV\u00fd\u0161ka: 66 cm<br \/>\nDeska stolu: 65 x 65<\/p>\n<p>&nbsp;<\/p>\n","protected":false},"excerpt":{"rendered":"<p>Legend\u00e1rn\u00ed designov\u011b nad\u010dasov\u00fd stolek s ozna\u010den\u00edm H-259, kter\u00fd je zn\u00e1m\u00fd pod n\u00e1zvem pavouk navrhl v 50. letech 20. stolet\u00ed Jind\u0159icha<\/p>\n","protected":false},"featured_media":24677,"template":"","meta":[],"product_brand":[],"product_cat":[130,124],"product_tag":[],"class_list":{"0":"post-24675","1":"product","2":"type-product","3":"status-publish","4":"has-post-thumbnail","6":"product_cat-nabytek","7":"product_cat-stoly","8":"product_shipping_class-nadrozmerne","10":"first","11":"instock","12":"purchasable","13":"product-type-simple"},"_links":{"self":[{"href":"https:\/\/eterle.cz\/eshop\/wp-json\/wp\/v2\/product\/24675","targetHints":{"allow":["GET"]}}],"collection":[{"href":"https:\/\/eterle.cz\/eshop\/wp-json\/wp\/v2\/product"}],"about":[{"href":"https:\/\/eterle.cz\/eshop\/wp-json\/wp\/v2\/types\/product"}],"version-history":[{"count":1,"href":"https:\/\/eterle.cz\/eshop\/wp-json\/wp\/v2\/product\/24675\/revisions"}],"predecessor-version":[{"id":24676,"href":"https:\/\/eterle.cz\/eshop\/wp-json\/wp\/v2\/product\/24675\/revisions\/24676"}],"wp:featuredmedia":[{"embeddable":true,"href":"https:\/\/eterle.cz\/eshop\/wp-json\/wp\/v2\/media\/24677"}],"wp:attachment":[{"href":"https:\/\/eterle.cz\/eshop\/wp-json\/wp\/v2\/media?parent=24675"}],"wp:term":[{"taxonomy":"product_brand","embeddable":true,"href":"https:\/\/eterle.cz\/eshop\/wp-json\/wp\/v2\/product_brand?post=24675"},{"taxonomy":"product_cat","embeddable":true,"href":"https:\/\/eterle.cz\/eshop\/wp-json\/wp\/v2\/product_cat?post=24675"},{"taxonomy":"product_tag","embeddable":true,"href":"https:\/\/eterle.cz\/eshop\/wp-json\/wp\/v2\/product_tag?post=24675"}],"curies":[{"name":"wp","href":"https:\/\/api.w.org\/{rel}","templated":true}]}}