{"id":24690,"date":"2025-05-28T11:40:37","date_gmt":"2025-05-28T09:40:37","guid":{"rendered":"https:\/\/eterle.cz\/eshop\/produkt\/zidle-par-thonet\/"},"modified":"2025-07-12T21:14:53","modified_gmt":"2025-07-12T19:14:53","slug":"zidle-par-thonet","status":"publish","type":"product","link":"https:\/\/eterle.cz\/eshop\/produkt\/zidle-par-thonet\/","title":{"rendered":"\u017didle (p\u00e1r) \/ Thonet"},"content":{"rendered":"<p>Elegantn\u00ed dvojice m\u00e1lo v\u00fddan\u00fdch \u017eidl\u00ed z oh\u00fdban\u00e9ho d\u0159eva od zna\u010dky Thonet, vyroben\u00e1 kolem roku 1900. Typick\u00e1 jsou v\u00fdrazn\u00e1 ov\u00e1ln\u00e1 pole v op\u011bradle, jemn\u011b soustru\u017een\u00e9 prvky a zdoben\u00e9 lisovan\u00e9 sed\u00e1ky s flor\u00e1ln\u00edm motivem.<\/p>\n<p>\u017didle kombinuj\u00ed ikonick\u00fd design s lehkost\u00ed konstrukce, kter\u00e1 byla revolu\u010dn\u00ed pro svou dobu \u2013 a dodnes okouzluje svou estetikou i funk\u010dnost\u00ed. Prod\u00e1v\u00e1me jako set dvou kus\u016f, ide\u00e1ln\u00ed k j\u00eddeln\u00edmu stolu nebo jako v\u00fdrazn\u00fd retro dopln\u011bk interi\u00e9ru.<\/p>\n<p>Stav: p\u016fvodni s patinou, jedna noha zn\u00e1mky po \u010dervoto\u010di (ji\u017e neaktuvn\u00ed)<br \/>\nZna\u010dka: pravd\u011bpodobn\u011b Thonet \u010d. 68<br \/>\nRozm\u011br<br \/>\nV\u00fd\u0161ka: 92 cm<br \/>\nV\u00fd\u0161ka sed\u00e1ku: 46,5 cm<br \/>\n\u0160\u00ed\u0159ka: 40 cm<br \/>\nHloubka: 49 cm<\/p>\n<p>&nbsp;<\/p>\n","protected":false},"excerpt":{"rendered":"<p>Elegantn\u00ed dvojice m\u00e1lo v\u00fddan\u00fdch \u017eidl\u00ed z oh\u00fdban\u00e9ho d\u0159eva od zna\u010dky Thonet, vyroben\u00e1 kolem roku 1900. Typick\u00e1 jsou v\u00fdrazn\u00e1 ov\u00e1ln\u00e1 pole<\/p>\n","protected":false},"featured_media":24692,"template":"","meta":[],"product_brand":[],"product_cat":[130,121],"product_tag":[],"class_list":{"0":"post-24690","1":"product","2":"type-product","3":"status-publish","4":"has-post-thumbnail","6":"product_cat-nabytek","7":"product_cat-zidle","8":"product_shipping_class-nadrozmerne","10":"first","11":"instock","12":"purchasable","13":"product-type-simple"},"_links":{"self":[{"href":"https:\/\/eterle.cz\/eshop\/wp-json\/wp\/v2\/product\/24690","targetHints":{"allow":["GET"]}}],"collection":[{"href":"https:\/\/eterle.cz\/eshop\/wp-json\/wp\/v2\/product"}],"about":[{"href":"https:\/\/eterle.cz\/eshop\/wp-json\/wp\/v2\/types\/product"}],"version-history":[{"count":1,"href":"https:\/\/eterle.cz\/eshop\/wp-json\/wp\/v2\/product\/24690\/revisions"}],"predecessor-version":[{"id":24691,"href":"https:\/\/eterle.cz\/eshop\/wp-json\/wp\/v2\/product\/24690\/revisions\/24691"}],"wp:featuredmedia":[{"embeddable":true,"href":"https:\/\/eterle.cz\/eshop\/wp-json\/wp\/v2\/media\/24692"}],"wp:attachment":[{"href":"https:\/\/eterle.cz\/eshop\/wp-json\/wp\/v2\/media?parent=24690"}],"wp:term":[{"taxonomy":"product_brand","embeddable":true,"href":"https:\/\/eterle.cz\/eshop\/wp-json\/wp\/v2\/product_brand?post=24690"},{"taxonomy":"product_cat","embeddable":true,"href":"https:\/\/eterle.cz\/eshop\/wp-json\/wp\/v2\/product_cat?post=24690"},{"taxonomy":"product_tag","embeddable":true,"href":"https:\/\/eterle.cz\/eshop\/wp-json\/wp\/v2\/product_tag?post=24690"}],"curies":[{"name":"wp","href":"https:\/\/api.w.org\/{rel}","templated":true}]}}