{"id":24703,"date":"2025-05-28T11:40:44","date_gmt":"2025-05-28T09:40:44","guid":{"rendered":"https:\/\/eterle.cz\/eshop\/produkt\/konferencni-stul-2\/"},"modified":"2025-06-02T21:56:08","modified_gmt":"2025-06-02T19:56:08","slug":"konferencni-stul-2","status":"publish","type":"product","link":"https:\/\/eterle.cz\/eshop\/produkt\/konferencni-stul-2\/","title":{"rendered":"Konferen\u010dn\u00ed st\u016fl"},"content":{"rendered":"<p>Minimalistick\u00fd konferen\u010dn\u00ed stolek  z 60. let minul\u00e9ho stolet\u00ed, typick\u00fd pro \u010deskoslovensk\u00fd n\u00e1bytkov\u00fd design t\u00e9 doby. K\u00f3nick\u00e9 nohy, tmav\u011b mo\u0159en\u00e1 d\u00fdha a kontrastn\u00ed \u010dern\u00e1 sklen\u011bn\u00e1 deska tvo\u0159\u00ed nad\u010dasovou kombinaci, kter\u00e1 se hod\u00ed do retro i modern\u011b lad\u011bn\u00e9ho interi\u00e9ru.<\/p>\n<p>Stav: p\u016fvodn\u00ed zachoval\u00fd<br \/>\nRozm\u011br<br \/>\nV\u00fd\u0161ka: 50 cm<br \/>\n\u0160\u00ed\u0159ka: 90 cm<br \/>\nHloubka: 55 cm<\/p>\n<p>&nbsp;<\/p>\n","protected":false},"excerpt":{"rendered":"<p>Minimalistick\u00fd konferen\u010dn\u00ed stolek z 60. let minul\u00e9ho stolet\u00ed, typick\u00fd pro \u010deskoslovensk\u00fd n\u00e1bytkov\u00fd design t\u00e9 doby. K\u00f3nick\u00e9 nohy, tmav\u011b mo\u0159en\u00e1 d\u00fdha<\/p>\n","protected":false},"featured_media":24705,"template":"","meta":[],"product_brand":[],"product_cat":[91],"product_tag":[],"class_list":{"0":"post-24703","1":"product","2":"type-product","3":"status-publish","4":"has-post-thumbnail","6":"product_cat-prodane","7":"product_shipping_class-nadrozmerne","9":"first","10":"outofstock","11":"purchasable","12":"product-type-simple"},"_links":{"self":[{"href":"https:\/\/eterle.cz\/eshop\/wp-json\/wp\/v2\/product\/24703","targetHints":{"allow":["GET"]}}],"collection":[{"href":"https:\/\/eterle.cz\/eshop\/wp-json\/wp\/v2\/product"}],"about":[{"href":"https:\/\/eterle.cz\/eshop\/wp-json\/wp\/v2\/types\/product"}],"version-history":[{"count":1,"href":"https:\/\/eterle.cz\/eshop\/wp-json\/wp\/v2\/product\/24703\/revisions"}],"predecessor-version":[{"id":24704,"href":"https:\/\/eterle.cz\/eshop\/wp-json\/wp\/v2\/product\/24703\/revisions\/24704"}],"wp:featuredmedia":[{"embeddable":true,"href":"https:\/\/eterle.cz\/eshop\/wp-json\/wp\/v2\/media\/24705"}],"wp:attachment":[{"href":"https:\/\/eterle.cz\/eshop\/wp-json\/wp\/v2\/media?parent=24703"}],"wp:term":[{"taxonomy":"product_brand","embeddable":true,"href":"https:\/\/eterle.cz\/eshop\/wp-json\/wp\/v2\/product_brand?post=24703"},{"taxonomy":"product_cat","embeddable":true,"href":"https:\/\/eterle.cz\/eshop\/wp-json\/wp\/v2\/product_cat?post=24703"},{"taxonomy":"product_tag","embeddable":true,"href":"https:\/\/eterle.cz\/eshop\/wp-json\/wp\/v2\/product_tag?post=24703"}],"curies":[{"name":"wp","href":"https:\/\/api.w.org\/{rel}","templated":true}]}}