{"id":24711,"date":"2025-05-28T11:40:49","date_gmt":"2025-05-28T09:40:49","guid":{"rendered":"https:\/\/eterle.cz\/eshop\/produkt\/stul-se-suplikem\/"},"modified":"2025-09-08T09:11:45","modified_gmt":"2025-09-08T07:11:45","slug":"stul-se-suplikem","status":"publish","type":"product","link":"https:\/\/eterle.cz\/eshop\/produkt\/stul-se-suplikem\/","title":{"rendered":"St\u016fl se \u0161upl\u00edkem"},"content":{"rendered":"<p>Psac\u00ed nebo j\u00eddeln\u00ed kuchy\u0148sk\u00fd st\u016fl z 50.-60. let minul\u00e9ho stolet\u00ed s praktick\u00fdm \u0161upl\u00edkem a policemi. Podobn\u00fd si pamatuji z kuchyn\u011b u babi\u010dky, kde se v polic\u00edch skr\u00fdvaly v\u0161elijak\u00e9 zaj\u00edmav\u00e9 pap\u00edry. Sv\u00fdm proveden\u00edm v hn\u011bd\u00e9 barv\u011b by ale dob\u0159e poslou\u017eil i jako psac\u00ed st\u016fl.<\/p>\n<p>Stav: p\u016fvodn\u00ed zachoval\u00fd, kus d\u00fdhy chyb\u00ed v poli\u010dce<br \/>\nRozm\u011br<br \/>\nV\u00fd\u0161ka: 79 cm<br \/>\n\u0160\u00ed\u0159ka: 122,5 cm<br \/>\nHloubka: 80 cm<\/p>\n<p>&nbsp;<\/p>\n","protected":false},"excerpt":{"rendered":"<p>Psac\u00ed nebo j\u00eddeln\u00ed kuchy\u0148sk\u00fd st\u016fl z 50.-60. let minul\u00e9ho stolet\u00ed s praktick\u00fdm \u0161upl\u00edkem a policemi. Podobn\u00fd si pamatuji z kuchyn\u011b<\/p>\n","protected":false},"featured_media":24713,"template":"","meta":[],"product_brand":[],"product_cat":[91],"product_tag":[],"class_list":{"0":"post-24711","1":"product","2":"type-product","3":"status-publish","4":"has-post-thumbnail","6":"product_cat-prodane","7":"product_shipping_class-nadrozmerne","9":"first","10":"outofstock","11":"purchasable","12":"product-type-simple"},"_links":{"self":[{"href":"https:\/\/eterle.cz\/eshop\/wp-json\/wp\/v2\/product\/24711","targetHints":{"allow":["GET"]}}],"collection":[{"href":"https:\/\/eterle.cz\/eshop\/wp-json\/wp\/v2\/product"}],"about":[{"href":"https:\/\/eterle.cz\/eshop\/wp-json\/wp\/v2\/types\/product"}],"version-history":[{"count":1,"href":"https:\/\/eterle.cz\/eshop\/wp-json\/wp\/v2\/product\/24711\/revisions"}],"predecessor-version":[{"id":24712,"href":"https:\/\/eterle.cz\/eshop\/wp-json\/wp\/v2\/product\/24711\/revisions\/24712"}],"wp:featuredmedia":[{"embeddable":true,"href":"https:\/\/eterle.cz\/eshop\/wp-json\/wp\/v2\/media\/24713"}],"wp:attachment":[{"href":"https:\/\/eterle.cz\/eshop\/wp-json\/wp\/v2\/media?parent=24711"}],"wp:term":[{"taxonomy":"product_brand","embeddable":true,"href":"https:\/\/eterle.cz\/eshop\/wp-json\/wp\/v2\/product_brand?post=24711"},{"taxonomy":"product_cat","embeddable":true,"href":"https:\/\/eterle.cz\/eshop\/wp-json\/wp\/v2\/product_cat?post=24711"},{"taxonomy":"product_tag","embeddable":true,"href":"https:\/\/eterle.cz\/eshop\/wp-json\/wp\/v2\/product_tag?post=24711"}],"curies":[{"name":"wp","href":"https:\/\/api.w.org\/{rel}","templated":true}]}}