{"id":24722,"date":"2025-05-28T11:40:55","date_gmt":"2025-05-28T09:40:55","guid":{"rendered":"https:\/\/eterle.cz\/eshop\/produkt\/jidelni-stul-2\/"},"modified":"2025-09-19T00:47:49","modified_gmt":"2025-09-18T22:47:49","slug":"jidelni-stul-2","status":"publish","type":"product","link":"https:\/\/eterle.cz\/eshop\/produkt\/jidelni-stul-2\/","title":{"rendered":"J\u00eddeln\u00ed st\u016fl"},"content":{"rendered":"<p>Elegantn\u00ed j\u00eddeln\u00ed st\u016fl s tvarovan\u00fdm r\u00e1mem desky po celkov\u00e9 renovaci. Jednoduch\u00fdmi, ale promy\u0161len\u00fdmi liniemi poukazuje na klasick\u00fd modernismus 60. let minul\u00e9ho stolet\u00ed v \u010ceskoslovensku.<\/p>\n<p>Stav: po komplent\u00ed renovaci<br \/>\nRozm\u011br<br \/>\nV\u00fd\u0161ka: 79 cm<br \/>\n\u0160\u00ed\u0159ka: 120 cm<br \/>\nHloubka: 70 cm<\/p>\n<p>&nbsp;<\/p>\n","protected":false},"excerpt":{"rendered":"<p>Elegantn\u00ed j\u00eddeln\u00ed st\u016fl s tvarovan\u00fdm r\u00e1mem desky po celkov\u00e9 renovaci. Jednoduch\u00fdmi, ale promy\u0161len\u00fdmi liniemi poukazuje na klasick\u00fd modernismus 60. let<\/p>\n","protected":false},"featured_media":24724,"template":"","meta":[],"product_brand":[],"product_cat":[91],"product_tag":[],"class_list":{"0":"post-24722","1":"product","2":"type-product","3":"status-publish","4":"has-post-thumbnail","6":"product_cat-prodane","7":"product_shipping_class-nadrozmerne","9":"first","10":"outofstock","11":"purchasable","12":"product-type-simple"},"_links":{"self":[{"href":"https:\/\/eterle.cz\/eshop\/wp-json\/wp\/v2\/product\/24722","targetHints":{"allow":["GET"]}}],"collection":[{"href":"https:\/\/eterle.cz\/eshop\/wp-json\/wp\/v2\/product"}],"about":[{"href":"https:\/\/eterle.cz\/eshop\/wp-json\/wp\/v2\/types\/product"}],"version-history":[{"count":1,"href":"https:\/\/eterle.cz\/eshop\/wp-json\/wp\/v2\/product\/24722\/revisions"}],"predecessor-version":[{"id":24723,"href":"https:\/\/eterle.cz\/eshop\/wp-json\/wp\/v2\/product\/24722\/revisions\/24723"}],"wp:featuredmedia":[{"embeddable":true,"href":"https:\/\/eterle.cz\/eshop\/wp-json\/wp\/v2\/media\/24724"}],"wp:attachment":[{"href":"https:\/\/eterle.cz\/eshop\/wp-json\/wp\/v2\/media?parent=24722"}],"wp:term":[{"taxonomy":"product_brand","embeddable":true,"href":"https:\/\/eterle.cz\/eshop\/wp-json\/wp\/v2\/product_brand?post=24722"},{"taxonomy":"product_cat","embeddable":true,"href":"https:\/\/eterle.cz\/eshop\/wp-json\/wp\/v2\/product_cat?post=24722"},{"taxonomy":"product_tag","embeddable":true,"href":"https:\/\/eterle.cz\/eshop\/wp-json\/wp\/v2\/product_tag?post=24722"}],"curies":[{"name":"wp","href":"https:\/\/api.w.org\/{rel}","templated":true}]}}