{"id":24731,"date":"2025-05-28T11:41:02","date_gmt":"2025-05-28T09:41:02","guid":{"rendered":"https:\/\/eterle.cz\/eshop\/produkt\/rohova-skrin-halabala\/"},"modified":"2025-08-18T21:49:11","modified_gmt":"2025-08-18T19:49:11","slug":"rohova-skrin-halabala","status":"publish","type":"product","link":"https:\/\/eterle.cz\/eshop\/produkt\/rohova-skrin-halabala\/","title":{"rendered":"Rohov\u00e1 sk\u0159\u00ed\u0148 \/ Halabala"},"content":{"rendered":"<p>Reprezentativn\u00ed rohov\u00e1 barov\u00e1 sk\u0159\u00ed\u0148 ve stylu art deco, navr\u017een\u00e1 pravd\u011bpodobn\u011b Jind\u0159ichem Halabalou pro Spojen\u00e9 UP Z\u00e1vody ve 30. letech. minul\u00e9ho stolet\u00ed. Jedn\u00e1 se o tzv. \u201esestavovac\u00ed n\u00e1bytek\u201c, kter\u00fd se rychle stal p\u0159evratnou novinkou druh\u00e9 poloviny 20. let. Oproti dosavadn\u00edm mohutn\u00fdm kus\u016fm n\u00e1bytku s p\u0159esn\u011b vymezenou funkc\u00ed byly sestavy variabiln\u00ed a mobiln\u00ed.<\/p>\n<p>Exkluzivn\u00ed ko\u0159enov\u00e1 d\u00fdha, kombinace prosklen\u00fdch a pln\u00fdch sk\u0159\u00edn\u011bk a uvnit\u0159 oto\u010dn\u00fd barov\u00fd segment v kontrastn\u00ed \u017elut\u00e9 barv\u011b p\u0159edstavuje velmi efektn\u00ed a funk\u010dn\u00ed prvek. Precizn\u00ed \u0159emesln\u00e9 zpracov\u00e1n\u00ed a typick\u00fd smysl pro proporce i kontrast \u010din\u00ed z tohoto kusu sb\u011bratelsky velmi cenn\u00fd n\u00e1bytek a to nejen pro milovn\u00edky Halabalova odkazu. Do dne\u0161n\u00ed doby se t\u011bchto sestav dochovalo velmi m\u00e1lo.<\/p>\n<p>Stav: velmi dobr\u00fd p\u016fvodn\u00ed, jen u pln\u00e9 sk\u0159\u00ed\u0148ky dole kus vylomen\u00fd, co\u017e je vid\u011bt zejm\u00e9na p\u0159i otev\u0159en\u00ed(viz foto)<br \/>\nZna\u010dka: Jind\u0159ich Halabala<br \/>\nRozm\u011br<br \/>\nSk\u0159\u00ed\u0148 se sklem<br \/>\nV\u00fd\u0161ka: 172 cm<br \/>\n\u0160\u00ed\u0159ka: 70 cm<br \/>\nHloubka:35 cm<br \/>\nV\u00e1ha: 48,1 kg<\/p>\n<p>Sk\u0159\u00ed\u0148 s oto\u010dn\u00fdm barem<br \/>\nV\u00fd\u0161ka: 172 cm<br \/>\n\u0160\u00ed\u0159ka: 66 cm<br \/>\nHloubka: 66 cm<br \/>\nV\u00e1ha: 50<\/p>\n<p>Pln\u00e1 Sk\u0159\u00ed\u0148<br \/>\nV\u00fd\u0161ka: 172 cm<br \/>\n\u0160\u00ed\u0159ka: 65 cm<br \/>\nHloubka: 35 cm<br \/>\nV\u00e1ha:44 kg<\/p>\n<p>&nbsp;<\/p>\n","protected":false},"excerpt":{"rendered":"<p>Reprezentativn\u00ed rohov\u00e1 barov\u00e1 sk\u0159\u00ed\u0148 ve stylu art deco, navr\u017een\u00e1 pravd\u011bpodobn\u011b Jind\u0159ichem Halabalou pro Spojen\u00e9 UP Z\u00e1vody ve 30. letech. minul\u00e9ho<\/p>\n","protected":false},"featured_media":24733,"template":"","meta":[],"product_brand":[],"product_cat":[130,125],"product_tag":[],"class_list":{"0":"post-24731","1":"product","2":"type-product","3":"status-publish","4":"has-post-thumbnail","6":"product_cat-nabytek","7":"product_cat-komody-a-skrine","8":"product_shipping_class-nadrozmerne","10":"first","11":"instock","12":"purchasable","13":"product-type-simple"},"_links":{"self":[{"href":"https:\/\/eterle.cz\/eshop\/wp-json\/wp\/v2\/product\/24731","targetHints":{"allow":["GET"]}}],"collection":[{"href":"https:\/\/eterle.cz\/eshop\/wp-json\/wp\/v2\/product"}],"about":[{"href":"https:\/\/eterle.cz\/eshop\/wp-json\/wp\/v2\/types\/product"}],"version-history":[{"count":3,"href":"https:\/\/eterle.cz\/eshop\/wp-json\/wp\/v2\/product\/24731\/revisions"}],"predecessor-version":[{"id":28111,"href":"https:\/\/eterle.cz\/eshop\/wp-json\/wp\/v2\/product\/24731\/revisions\/28111"}],"wp:featuredmedia":[{"embeddable":true,"href":"https:\/\/eterle.cz\/eshop\/wp-json\/wp\/v2\/media\/24733"}],"wp:attachment":[{"href":"https:\/\/eterle.cz\/eshop\/wp-json\/wp\/v2\/media?parent=24731"}],"wp:term":[{"taxonomy":"product_brand","embeddable":true,"href":"https:\/\/eterle.cz\/eshop\/wp-json\/wp\/v2\/product_brand?post=24731"},{"taxonomy":"product_cat","embeddable":true,"href":"https:\/\/eterle.cz\/eshop\/wp-json\/wp\/v2\/product_cat?post=24731"},{"taxonomy":"product_tag","embeddable":true,"href":"https:\/\/eterle.cz\/eshop\/wp-json\/wp\/v2\/product_tag?post=24731"}],"curies":[{"name":"wp","href":"https:\/\/api.w.org\/{rel}","templated":true}]}}