{"id":24752,"date":"2025-05-28T11:41:14","date_gmt":"2025-05-28T09:41:14","guid":{"rendered":"https:\/\/eterle.cz\/eshop\/produkt\/pruhovane-kreslo\/"},"modified":"2025-11-29T22:03:08","modified_gmt":"2025-11-29T21:03:08","slug":"pruhovane-kreslo","status":"publish","type":"product","link":"https:\/\/eterle.cz\/eshop\/produkt\/pruhovane-kreslo\/","title":{"rendered":"Pruhovan\u00e9 k\u0159eslo"},"content":{"rendered":"<p>Typick\u00e9 k\u0159eslo ze 70. let minul\u00e9ho stolet\u00ed s masivn\u00ed d\u0159ev\u011bnou konstrukc\u00ed, kovov\u00fdmi kole\u010dky a origin\u00e1ln\u00edm pruhovan\u00fdm \u010daloun\u011bn\u00edm v t\u00f3nech oran\u017eov\u00e9 a hn\u011bd\u00e9. Pohodln\u00e9, hrav\u00e9 a vizu\u00e1ln\u011b v\u00fdrazn\u00e9. Ide\u00e1ln\u00ed do interi\u00e9ru pro ten spr\u00e1vn\u00fd retro akcent.<\/p>\n<p>Stav: p\u016fvodn\u00ed zachoval\u00fd<br \/>\nRozm\u011br<br \/>\nV\u00fd\u0161ka: 65 cm<br \/>\nV\u00fd\u0161ka sed\u00e1ku: 38 cm<br \/>\n\u0160\u00ed\u0159ka: 89 cm<br \/>\nHloubka: 75 cm<br \/>\nHloubka sed\u00e1ku: 55 cm<\/p>\n<p>&nbsp;<\/p>\n","protected":false},"excerpt":{"rendered":"<p>Typick\u00e9 k\u0159eslo ze 70. let minul\u00e9ho stolet\u00ed s masivn\u00ed d\u0159ev\u011bnou konstrukc\u00ed, kovov\u00fdmi kole\u010dky a origin\u00e1ln\u00edm pruhovan\u00fdm \u010daloun\u011bn\u00edm v t\u00f3nech oran\u017eov\u00e9<\/p>\n","protected":false},"featured_media":24754,"template":"","meta":[],"product_brand":[],"product_cat":[91],"product_tag":[],"class_list":{"0":"post-24752","1":"product","2":"type-product","3":"status-publish","4":"has-post-thumbnail","6":"product_cat-prodane","7":"product_shipping_class-nadrozmerne","9":"first","10":"outofstock","11":"purchasable","12":"product-type-simple"},"_links":{"self":[{"href":"https:\/\/eterle.cz\/eshop\/wp-json\/wp\/v2\/product\/24752","targetHints":{"allow":["GET"]}}],"collection":[{"href":"https:\/\/eterle.cz\/eshop\/wp-json\/wp\/v2\/product"}],"about":[{"href":"https:\/\/eterle.cz\/eshop\/wp-json\/wp\/v2\/types\/product"}],"version-history":[{"count":1,"href":"https:\/\/eterle.cz\/eshop\/wp-json\/wp\/v2\/product\/24752\/revisions"}],"predecessor-version":[{"id":24753,"href":"https:\/\/eterle.cz\/eshop\/wp-json\/wp\/v2\/product\/24752\/revisions\/24753"}],"wp:featuredmedia":[{"embeddable":true,"href":"https:\/\/eterle.cz\/eshop\/wp-json\/wp\/v2\/media\/24754"}],"wp:attachment":[{"href":"https:\/\/eterle.cz\/eshop\/wp-json\/wp\/v2\/media?parent=24752"}],"wp:term":[{"taxonomy":"product_brand","embeddable":true,"href":"https:\/\/eterle.cz\/eshop\/wp-json\/wp\/v2\/product_brand?post=24752"},{"taxonomy":"product_cat","embeddable":true,"href":"https:\/\/eterle.cz\/eshop\/wp-json\/wp\/v2\/product_cat?post=24752"},{"taxonomy":"product_tag","embeddable":true,"href":"https:\/\/eterle.cz\/eshop\/wp-json\/wp\/v2\/product_tag?post=24752"}],"curies":[{"name":"wp","href":"https:\/\/api.w.org\/{rel}","templated":true}]}}