{"id":24764,"date":"2025-05-28T11:41:21","date_gmt":"2025-05-28T09:41:21","guid":{"rendered":"https:\/\/eterle.cz\/eshop\/produkt\/sofa-tulipan-halabala\/"},"modified":"2025-08-11T22:26:51","modified_gmt":"2025-08-11T20:26:51","slug":"sofa-tulipan-halabala","status":"publish","type":"product","link":"https:\/\/eterle.cz\/eshop\/produkt\/sofa-tulipan-halabala\/","title":{"rendered":"Sofa &#8222;tulip\u00e1n&#8220; \/ Halabala"},"content":{"rendered":"<p>Elegantn\u00ed denn\u00ed pohovka s charakteristick\u00fdm obl\u00fdm tvarov\u00e1n\u00edm, p\u0159isuzovan\u00e1 Jind\u0159ichu Halabalovi. Model H-162, zn\u00e1m\u00fd pod p\u0159ezd\u00edvkou \u201eTulip\u00e1n\u201c, navrhl Halabala pro Spojen\u00e9 UP Z\u00e1vody. Charakteristick\u00fd tvar bok\u016f, r\u00e1kosov\u00fd v\u00fdplet a subtiln\u00ed konstrukce jsou jasn\u00fdmi znaky tohoto modelu z 30.\u201340. let minul\u00e9ho stolet\u00ed. Tato pohovka stoj\u00ed na pomez\u00ed funkcionalismu a pozdn\u00edho art deca, co\u017e je pro tvorbu Jind\u0159icha Halabaly velmi typick\u00e9. Zachovala si p\u016fvodn\u00ed \u010daloun\u011bn\u00ed ve smaragdov\u00e9m odst\u00ednu. Bude vhodn\u00fdm dopl\u0148kem do sal\u00f3nku, na lenoe\u0161en\u00ed do zimn\u00ed zahrady nebo jako \u010dtec\u00ed koutek.<\/p>\n<p>Stav: p\u016fvodn\u00ed zachoval\u00fd s patinou, v\u00fdplet v po\u0159\u00e1dku, leniv\u00fd lak\u00fdrn\u00edk nenamo\u0159il a\u017e k zemi<br \/>\nZna\u010dka: Jind\u0159ich Halabala<br \/>\nRozm\u011br<br \/>\nV\u00fd\u0161ka: 71 cm<br \/>\nD\u00e9lka: 197 cm<br \/>\nHloubka: 90 cm<\/p>\n<p>&nbsp;<\/p>\n","protected":false},"excerpt":{"rendered":"<p>Elegantn\u00ed denn\u00ed pohovka s charakteristick\u00fdm obl\u00fdm tvarov\u00e1n\u00edm, p\u0159isuzovan\u00e1 Jind\u0159ichu Halabalovi. Model H-162, zn\u00e1m\u00fd pod p\u0159ezd\u00edvkou \u201eTulip\u00e1n\u201c, navrhl Halabala pro Spojen\u00e9<\/p>\n","protected":false},"featured_media":24766,"template":"","meta":[],"product_brand":[],"product_cat":[91],"product_tag":[],"class_list":{"0":"post-24764","1":"product","2":"type-product","3":"status-publish","4":"has-post-thumbnail","6":"product_cat-prodane","7":"product_shipping_class-nadrozmerne","9":"first","10":"outofstock","11":"purchasable","12":"product-type-simple"},"_links":{"self":[{"href":"https:\/\/eterle.cz\/eshop\/wp-json\/wp\/v2\/product\/24764","targetHints":{"allow":["GET"]}}],"collection":[{"href":"https:\/\/eterle.cz\/eshop\/wp-json\/wp\/v2\/product"}],"about":[{"href":"https:\/\/eterle.cz\/eshop\/wp-json\/wp\/v2\/types\/product"}],"version-history":[{"count":3,"href":"https:\/\/eterle.cz\/eshop\/wp-json\/wp\/v2\/product\/24764\/revisions"}],"predecessor-version":[{"id":27938,"href":"https:\/\/eterle.cz\/eshop\/wp-json\/wp\/v2\/product\/24764\/revisions\/27938"}],"wp:featuredmedia":[{"embeddable":true,"href":"https:\/\/eterle.cz\/eshop\/wp-json\/wp\/v2\/media\/24766"}],"wp:attachment":[{"href":"https:\/\/eterle.cz\/eshop\/wp-json\/wp\/v2\/media?parent=24764"}],"wp:term":[{"taxonomy":"product_brand","embeddable":true,"href":"https:\/\/eterle.cz\/eshop\/wp-json\/wp\/v2\/product_brand?post=24764"},{"taxonomy":"product_cat","embeddable":true,"href":"https:\/\/eterle.cz\/eshop\/wp-json\/wp\/v2\/product_cat?post=24764"},{"taxonomy":"product_tag","embeddable":true,"href":"https:\/\/eterle.cz\/eshop\/wp-json\/wp\/v2\/product_tag?post=24764"}],"curies":[{"name":"wp","href":"https:\/\/api.w.org\/{rel}","templated":true}]}}